{"id":684,"date":"2026-03-18T11:30:13","date_gmt":"2026-03-18T10:30:13","guid":{"rendered":"https:\/\/vonotterskarummet.se\/?post_type=product&#038;p=684"},"modified":"2026-04-08T13:21:17","modified_gmt":"2026-04-08T11:21:17","slug":"katt-gjutjarn-gron","status":"publish","type":"product","link":"https:\/\/vonotterskarummet.se\/?product=katt-gjutjarn-gron","title":{"rendered":"Katt gjutj\u00e4rn gr\u00f6n"},"content":{"rendered":"","protected":false},"excerpt":{"rendered":"<p data-start=\"179\" data-end=\"429\">En charmig och unik ljush\u00e5llare i form av en sittande katt som nyfiket blickar upp mot en liten f\u00e5gel. Den rustika designen i gjutj\u00e4rn tillsammans med den gr\u00f6na patinan ger en vacker vintagek\u00e4nsla som passar perfekt i b\u00e5de klassiska och lantliga hem.<\/p>\n<p data-start=\"431\" data-end=\"623\">Den \u00f6vre sk\u00e5len \u00e4r avsedd f\u00f6r v\u00e4rmeljus och skapar ett st\u00e4mningsfullt ljusspel n\u00e4r den anv\u00e4nds. Kombinationen av katt och f\u00e5gel ger en lekfull och dekorativ detalj som drar blickarna till sig.<\/p>\n<p data-start=\"625\" data-end=\"657\">Perfekt som inredningsdetalj p\u00e5:<\/p>\n<ul data-start=\"658\" data-end=\"724\">\n<li data-section-id=\"1joncw\" data-start=\"658\" data-end=\"682\">\n<p data-start=\"660\" data-end=\"682\">Bord eller sideboard<\/p>\n<\/li>\n<li data-section-id=\"1mcdgk7\" data-start=\"683\" data-end=\"699\">\n<p data-start=\"685\" data-end=\"699\">F\u00f6nsterbr\u00e4da<\/p>\n<\/li>\n<li data-section-id=\"imble5\" data-start=\"700\" data-end=\"724\">\n<p data-start=\"702\" data-end=\"724\">Hylla eller i uterum<\/p>\n<\/li>\n<\/ul>\n<p data-start=\"726\" data-end=\"739\"><strong data-start=\"726\" data-end=\"739\">Detaljer:<\/strong><\/p>\n<ul data-start=\"740\" data-end=\"862\">\n<li data-section-id=\"an3d5z\" data-start=\"740\" data-end=\"762\">\n<p data-start=\"742\" data-end=\"762\">Material: Gjutj\u00e4rn<\/p>\n<\/li>\n<li data-section-id=\"1pifdlq\" data-start=\"763\" data-end=\"794\">\n<p data-start=\"765\" data-end=\"794\">F\u00e4rg: Gr\u00f6n med antik patina<\/p>\n<\/li>\n<li data-section-id=\"1aa3rvc\" data-start=\"795\" data-end=\"820\">\n<p data-start=\"797\" data-end=\"820\">Motiv: Katt och f\u00e5gel<\/p>\n<\/li>\n<li data-section-id=\"10mmxuw\" data-start=\"821\" data-end=\"862\">\n<p data-start=\"823\" data-end=\"862\">Funktion: Ljush\u00e5llare (f\u00f6r v\u00e4rmeljus)<\/p>\n<\/li>\n<\/ul>\n<p data-start=\"864\" data-end=\"972\">En perfekt present till katt\u00e4lskaren eller f\u00f6r dig som vill addera en personlig och mysig k\u00e4nsla i ditt hem.<\/p>\n","protected":false},"featured_media":685,"template":"","meta":{"wds_primary_product_brand":0,"wds_primary_product_cat":0},"product_brand":[],"product_cat":[15,25],"product_tag":[],"class_list":{"0":"post-684","1":"product","2":"type-product","3":"status-publish","4":"has-post-thumbnail","6":"product_cat-uncategorized","7":"product_cat-nyheter","8":"product_shipping_class-storre-paket","10":"first","11":"instock","12":"taxable","13":"shipping-taxable","14":"purchasable","15":"product-type-simple"},"_links":{"self":[{"href":"https:\/\/vonotterskarummet.se\/index.php?rest_route=\/wp\/v2\/product\/684","targetHints":{"allow":["GET"]}}],"collection":[{"href":"https:\/\/vonotterskarummet.se\/index.php?rest_route=\/wp\/v2\/product"}],"about":[{"href":"https:\/\/vonotterskarummet.se\/index.php?rest_route=\/wp\/v2\/types\/product"}],"wp:featuredmedia":[{"embeddable":true,"href":"https:\/\/vonotterskarummet.se\/index.php?rest_route=\/wp\/v2\/media\/685"}],"wp:attachment":[{"href":"https:\/\/vonotterskarummet.se\/index.php?rest_route=%2Fwp%2Fv2%2Fmedia&parent=684"}],"wp:term":[{"taxonomy":"product_brand","embeddable":true,"href":"https:\/\/vonotterskarummet.se\/index.php?rest_route=%2Fwp%2Fv2%2Fproduct_brand&post=684"},{"taxonomy":"product_cat","embeddable":true,"href":"https:\/\/vonotterskarummet.se\/index.php?rest_route=%2Fwp%2Fv2%2Fproduct_cat&post=684"},{"taxonomy":"product_tag","embeddable":true,"href":"https:\/\/vonotterskarummet.se\/index.php?rest_route=%2Fwp%2Fv2%2Fproduct_tag&post=684"}],"curies":[{"name":"wp","href":"https:\/\/api.w.org\/{rel}","templated":true}]}}