{"id":702,"date":"2026-03-18T13:01:02","date_gmt":"2026-03-18T12:01:02","guid":{"rendered":"https:\/\/vonotterskarummet.se\/?post_type=product&#038;p=702"},"modified":"2026-04-08T13:21:17","modified_gmt":"2026-04-08T11:21:17","slug":"eleganta-vinglas-med-grona-stammar-i-set-om-6","status":"publish","type":"product","link":"https:\/\/vonotterskarummet.se\/?product=eleganta-vinglas-med-grona-stammar-i-set-om-6","title":{"rendered":"Eleganta vinglas med gr\u00f6na stammar i set om 2"},"content":{"rendered":"","protected":false},"excerpt":{"rendered":"<div class=\"x78zum5 xdt5ytf\" data-virtualized=\"false\">\n<div class=\"x9f619 x1n2onr6 x1ja2u2z\">\n<div class=\"__fb-dark-mode x1n2onr6\" role=\"row\">\n<div>\n<div class=\"x78zum5 xdt5ytf x1n2onr6\" tabindex=\"-1\" role=\"gridcell\" data-release-focus-from=\"CLICK\" data-scope=\"messages_table\">\n<div class=\"html-div xdj266r x14z9mp xat24cr x1lziwak xexx8yu xyri2b x18d9i69 x1c1uobl x1eb86dx xh8yej3 x16ye13r\" role=\"presentation\">\u00a0Elegant set med sex handgraverade vinglas, d\u00e4r varje glas pryds av ett vackert bladm\u00f6nster och klasar i frostgravyr. De sm\u00e4ckra gr\u00f6na stammarna ger en h\u00e4rlig retrokarakt\u00e4r som f\u00f6r tankarna till 1950\u201360-talets skandinaviska design. Glasen passar lika bra till vin som till festliga drinkar, och blir en vacker detalj p\u00e5 dukningen \u2013 speciellt n\u00e4r ljuset f\u00e5ngar den gr\u00f6na glansen i foten. Perfekt f\u00f6r dig som uppskattar hantverk, vintage och tidl\u00f6s formgivning.<\/div>\n<\/div>\n<\/div>\n<\/div>\n<\/div>\n<\/div>\n","protected":false},"featured_media":701,"template":"","meta":{"wds_primary_product_brand":0,"wds_primary_product_cat":0},"product_brand":[],"product_cat":[24,15,25],"product_tag":[],"class_list":{"0":"post-702","1":"product","2":"type-product","3":"status-publish","4":"has-post-thumbnail","6":"product_cat-antikviteter","7":"product_cat-uncategorized","8":"product_cat-nyheter","9":"product_shipping_class-storre-paket","11":"first","12":"instock","13":"taxable","14":"shipping-taxable","15":"purchasable","16":"product-type-simple"},"_links":{"self":[{"href":"https:\/\/vonotterskarummet.se\/index.php?rest_route=\/wp\/v2\/product\/702","targetHints":{"allow":["GET"]}}],"collection":[{"href":"https:\/\/vonotterskarummet.se\/index.php?rest_route=\/wp\/v2\/product"}],"about":[{"href":"https:\/\/vonotterskarummet.se\/index.php?rest_route=\/wp\/v2\/types\/product"}],"wp:featuredmedia":[{"embeddable":true,"href":"https:\/\/vonotterskarummet.se\/index.php?rest_route=\/wp\/v2\/media\/701"}],"wp:attachment":[{"href":"https:\/\/vonotterskarummet.se\/index.php?rest_route=%2Fwp%2Fv2%2Fmedia&parent=702"}],"wp:term":[{"taxonomy":"product_brand","embeddable":true,"href":"https:\/\/vonotterskarummet.se\/index.php?rest_route=%2Fwp%2Fv2%2Fproduct_brand&post=702"},{"taxonomy":"product_cat","embeddable":true,"href":"https:\/\/vonotterskarummet.se\/index.php?rest_route=%2Fwp%2Fv2%2Fproduct_cat&post=702"},{"taxonomy":"product_tag","embeddable":true,"href":"https:\/\/vonotterskarummet.se\/index.php?rest_route=%2Fwp%2Fv2%2Fproduct_tag&post=702"}],"curies":[{"name":"wp","href":"https:\/\/api.w.org\/{rel}","templated":true}]}}