{"id":703,"date":"2026-03-18T13:14:18","date_gmt":"2026-03-18T12:14:18","guid":{"rendered":"https:\/\/vonotterskarummet.se\/?post_type=product&#038;p=703"},"modified":"2026-04-08T13:21:17","modified_gmt":"2026-04-08T11:21:17","slug":"madonna-storre-spelter-med-patinerad-yta-sallsynt","status":"publish","type":"product","link":"https:\/\/vonotterskarummet.se\/?product=madonna-storre-spelter-med-patinerad-yta-sallsynt","title":{"rendered":"Madonna st\u00f6rre spelter med patinerad yta, s\u00e4llsynt"},"content":{"rendered":"","protected":false},"excerpt":{"rendered":"<p data-start=\"277\" data-end=\"537\">Vacker och ovanlig \u00e4ldre religi\u00f6s statyett m\u00e4rkt <strong data-start=\"326\" data-end=\"349\">P.P. France Lourdes<\/strong>.<br data-start=\"350\" data-end=\"353\" \/>En dekorativ och samlarv\u00e4nlig figur med fin patina och mycket charm. Figuren f\u00f6rest\u00e4ller en nunna\/helgonfigur med kors i h\u00e4nderna och har vackra detaljer i ansikte, kl\u00e4dnad och sockel.<\/p>\n<p data-start=\"539\" data-end=\"551\">Perfekt f\u00f6r:<\/p>\n<ul data-start=\"552\" data-end=\"654\">\n<li data-section-id=\"181vj5t\" data-start=\"552\" data-end=\"582\">\n<p data-start=\"554\" data-end=\"582\">samlare av religi\u00f6sa f\u00f6rem\u00e5l<\/p>\n<\/li>\n<li data-section-id=\"lmqite\" data-start=\"583\" data-end=\"610\">\n<p data-start=\"585\" data-end=\"610\">vintage \/ antik inredning<\/p>\n<\/li>\n<li data-section-id=\"1qyqkj4\" data-start=\"611\" data-end=\"620\">\n<p data-start=\"613\" data-end=\"620\">kuriosa<\/p>\n<\/li>\n<li data-section-id=\"1r1k193\" data-start=\"621\" data-end=\"654\">\n<p data-start=\"623\" data-end=\"654\">Lourdes-relaterade samlarobjekt<\/p>\n<\/li>\n<\/ul>\n<p data-start=\"656\" data-end=\"801\"><strong data-start=\"656\" data-end=\"666\">Skick:<\/strong><br data-start=\"666\" data-end=\"669\" \/>Begagnat vintage-skick med \u00e5ldersrelaterat slitage\/patina, vilket bidrar till dess karakt\u00e4r och charm. Se bilder f\u00f6r egen bed\u00f6mning.<\/p>\n<p data-start=\"803\" data-end=\"838\"><strong data-start=\"803\" data-end=\"816\">M\u00e4rkning:<\/strong><br data-start=\"816\" data-end=\"819\" \/>P.P. France Lourdes<\/p>\n<p data-start=\"840\" data-end=\"934\"><strong data-start=\"840\" data-end=\"851\">\u00d6vrigt:<\/strong><br data-start=\"851\" data-end=\"854\" \/>Unik och sv\u00e5r att hitta \u2013 fin som samlarobjekt eller dekorativ inredningsdetalj.<\/p>\n","protected":false},"featured_media":708,"template":"","meta":{"wds_primary_product_brand":0,"wds_primary_product_cat":0},"product_brand":[],"product_cat":[24,15,25],"product_tag":[],"class_list":{"0":"post-703","1":"product","2":"type-product","3":"status-publish","4":"has-post-thumbnail","6":"product_cat-antikviteter","7":"product_cat-uncategorized","8":"product_cat-nyheter","9":"product_shipping_class-storre-paket","11":"first","12":"instock","13":"taxable","14":"shipping-taxable","15":"purchasable","16":"product-type-simple"},"_links":{"self":[{"href":"https:\/\/vonotterskarummet.se\/index.php?rest_route=\/wp\/v2\/product\/703","targetHints":{"allow":["GET"]}}],"collection":[{"href":"https:\/\/vonotterskarummet.se\/index.php?rest_route=\/wp\/v2\/product"}],"about":[{"href":"https:\/\/vonotterskarummet.se\/index.php?rest_route=\/wp\/v2\/types\/product"}],"wp:featuredmedia":[{"embeddable":true,"href":"https:\/\/vonotterskarummet.se\/index.php?rest_route=\/wp\/v2\/media\/708"}],"wp:attachment":[{"href":"https:\/\/vonotterskarummet.se\/index.php?rest_route=%2Fwp%2Fv2%2Fmedia&parent=703"}],"wp:term":[{"taxonomy":"product_brand","embeddable":true,"href":"https:\/\/vonotterskarummet.se\/index.php?rest_route=%2Fwp%2Fv2%2Fproduct_brand&post=703"},{"taxonomy":"product_cat","embeddable":true,"href":"https:\/\/vonotterskarummet.se\/index.php?rest_route=%2Fwp%2Fv2%2Fproduct_cat&post=703"},{"taxonomy":"product_tag","embeddable":true,"href":"https:\/\/vonotterskarummet.se\/index.php?rest_route=%2Fwp%2Fv2%2Fproduct_tag&post=703"}],"curies":[{"name":"wp","href":"https:\/\/api.w.org\/{rel}","templated":true}]}}