{"id":710,"date":"2026-03-19T14:48:10","date_gmt":"2026-03-19T13:48:10","guid":{"rendered":"https:\/\/vonotterskarummet.se\/?post_type=product&#038;p=710"},"modified":"2026-04-08T13:21:17","modified_gmt":"2026-04-08T11:21:17","slug":"hangande-paskdekoration-par-med-hons","status":"publish","type":"product","link":"https:\/\/vonotterskarummet.se\/?product=hangande-paskdekoration-par-med-hons","title":{"rendered":"H\u00e4ngande P\u00e5skdekoration \u2013 Par med H\u00f6ns"},"content":{"rendered":"","protected":false},"excerpt":{"rendered":"<p data-start=\"104\" data-end=\"394\">Skapa en mysig och lantlig p\u00e5skk\u00e4nsla i hemmet med detta charmiga h\u00e4ngande par med h\u00f6ns. Dekorationerna \u00e4r tillverkade i tr\u00e4 med fina detaljer och rustik jutesn\u00f6re f\u00f6r upph\u00e4ngning, vilket g\u00f6r dem perfekta att h\u00e4nga i p\u00e5skriset, p\u00e5 en gren, i ett f\u00f6nster eller som en del av din p\u00e5skdukning.<\/p>\n<p data-start=\"396\" data-end=\"556\">De s\u00f6ta h\u00f6nsen i klassisk vit design med r\u00f6da och gula detaljer ger en lekfull och hemtrevlig k\u00e4nsla som passar b\u00e5de moderna och traditionella p\u00e5skdekorationer.<\/p>\n<p data-start=\"558\" data-end=\"581\"><strong data-start=\"558\" data-end=\"581\">Produktinformation:<\/strong><\/p>\n<ul data-start=\"582\" data-end=\"778\">\n<li data-section-id=\"16l3ybd\" data-start=\"582\" data-end=\"614\">\n<p data-start=\"584\" data-end=\"614\">Motiv: H\u00e4ngande h\u00f6ns, 2-pack<\/p>\n<\/li>\n<li data-section-id=\"18bunaz\" data-start=\"615\" data-end=\"632\">\n<p data-start=\"617\" data-end=\"632\">Material: Tr\u00e4<\/p>\n<\/li>\n<li data-section-id=\"1v8l93x\" data-start=\"633\" data-end=\"673\">\n<p data-start=\"635\" data-end=\"673\">F\u00e4rg: Vit med r\u00f6da och gula detaljer<\/p>\n<\/li>\n<li data-section-id=\"c4a69q\" data-start=\"674\" data-end=\"700\">\n<p data-start=\"676\" data-end=\"700\">Upph\u00e4ngning: Jutesn\u00f6re<\/p>\n<\/li>\n<li data-section-id=\"1oirm9i\" data-start=\"701\" data-end=\"778\">\n<p data-start=\"703\" data-end=\"778\">Anv\u00e4ndning: Passar till p\u00e5skris, f\u00f6nster, v\u00e4gg eller annan p\u00e5skdekoration<\/p>\n<\/li>\n<\/ul>\n<p data-start=\"780\" data-end=\"888\"><strong data-start=\"780\" data-end=\"888\">Perfekt f\u00f6r dig som vill skapa en varm och inbjudande p\u00e5skst\u00e4mning med stilrena och dekorativa detaljer.<\/strong><\/p>\n<p data-start=\"890\" data-end=\"920\">\n","protected":false},"featured_media":711,"template":"","meta":{"wds_primary_product_brand":0,"wds_primary_product_cat":0},"product_brand":[],"product_cat":[28],"product_tag":[],"class_list":{"0":"post-710","1":"product","2":"type-product","3":"status-publish","4":"has-post-thumbnail","6":"product_cat-pask","7":"product_shipping_class-storre-paket","9":"first","10":"instock","11":"taxable","12":"shipping-taxable","13":"purchasable","14":"product-type-simple"},"_links":{"self":[{"href":"https:\/\/vonotterskarummet.se\/index.php?rest_route=\/wp\/v2\/product\/710","targetHints":{"allow":["GET"]}}],"collection":[{"href":"https:\/\/vonotterskarummet.se\/index.php?rest_route=\/wp\/v2\/product"}],"about":[{"href":"https:\/\/vonotterskarummet.se\/index.php?rest_route=\/wp\/v2\/types\/product"}],"wp:featuredmedia":[{"embeddable":true,"href":"https:\/\/vonotterskarummet.se\/index.php?rest_route=\/wp\/v2\/media\/711"}],"wp:attachment":[{"href":"https:\/\/vonotterskarummet.se\/index.php?rest_route=%2Fwp%2Fv2%2Fmedia&parent=710"}],"wp:term":[{"taxonomy":"product_brand","embeddable":true,"href":"https:\/\/vonotterskarummet.se\/index.php?rest_route=%2Fwp%2Fv2%2Fproduct_brand&post=710"},{"taxonomy":"product_cat","embeddable":true,"href":"https:\/\/vonotterskarummet.se\/index.php?rest_route=%2Fwp%2Fv2%2Fproduct_cat&post=710"},{"taxonomy":"product_tag","embeddable":true,"href":"https:\/\/vonotterskarummet.se\/index.php?rest_route=%2Fwp%2Fv2%2Fproduct_tag&post=710"}],"curies":[{"name":"wp","href":"https:\/\/api.w.org\/{rel}","templated":true}]}}