{"id":714,"date":"2026-03-19T15:14:05","date_gmt":"2026-03-19T14:14:05","guid":{"rendered":"https:\/\/vonotterskarummet.se\/?post_type=product&#038;p=714"},"modified":"2026-04-08T13:21:17","modified_gmt":"2026-04-08T11:21:17","slug":"dekorativ-statementvas","status":"publish","type":"product","link":"https:\/\/vonotterskarummet.se\/?product=dekorativ-statementvas","title":{"rendered":"Dekorativ Statementvas"},"content":{"rendered":"","protected":false},"excerpt":{"rendered":"<p data-start=\"147\" data-end=\"445\">Ge hemmet en elegant och modern k\u00e4nsla med <strong data-start=\"190\" data-end=\"212\">Solfj\u00e4dervas Svart<\/strong>, en dekorativ vas som snabbt blir rummets sj\u00e4lvklara blickf\u00e5ng. Den unika solfj\u00e4derformade designen med vackra veck skapar ett stilrent och exklusivt uttryck som passar lika fint med snittblommor som som frist\u00e5ende inredningsdetalj.<\/p>\n<p data-start=\"447\" data-end=\"687\">Den mattsvarta finishen ger vasen en sofistikerad k\u00e4nsla och g\u00f6r den enkel att matcha med b\u00e5de klassisk och modern inredning. Perfekt p\u00e5 matbordet, sidobordet, f\u00f6nsterbr\u00e4dan eller i en hylla d\u00e4r du vill skapa en lyxig och personlig styling.<\/p>\n<p data-start=\"689\" data-end=\"712\"><strong data-start=\"689\" data-end=\"712\">Passar perfekt f\u00f6r:<\/strong><\/p>\n<ul data-start=\"713\" data-end=\"850\">\n<li data-section-id=\"7oj2c1\" data-start=\"713\" data-end=\"756\">\n<p data-start=\"715\" data-end=\"756\">Snittblommor och dekorativa arrangemang<\/p>\n<\/li>\n<li data-section-id=\"qc2lsm\" data-start=\"757\" data-end=\"800\">\n<p data-start=\"759\" data-end=\"800\">Torkade blommor och konstgjorda blommor<\/p>\n<\/li>\n<li data-section-id=\"w3fpk2\" data-start=\"801\" data-end=\"850\">\n<p data-start=\"803\" data-end=\"850\">Som skulptural inredningsdetalj utan inneh\u00e5ll<\/p>\n<\/li>\n<\/ul>\n<p data-start=\"852\" data-end=\"867\"><strong data-start=\"852\" data-end=\"867\">Egenskaper:<\/strong><\/p>\n<ul data-start=\"868\" data-end=\"1043\">\n<li data-section-id=\"1f3g9jm\" data-start=\"868\" data-end=\"902\">\n<p data-start=\"870\" data-end=\"902\">Elegant solfj\u00e4derformad design<\/p>\n<\/li>\n<li data-section-id=\"rk7iw2\" data-start=\"903\" data-end=\"927\">\n<p data-start=\"905\" data-end=\"927\">Stilren svart finish<\/p>\n<\/li>\n<li data-section-id=\"1jbboo9\" data-start=\"928\" data-end=\"957\">\n<p data-start=\"930\" data-end=\"957\">Dekorativ och modern look<\/p>\n<\/li>\n<li data-section-id=\"1jwcvop\" data-start=\"958\" data-end=\"1001\">\n<p data-start=\"960\" data-end=\"1001\">Passar i b\u00e5de klassiska och moderna hem<\/p>\n<\/li>\n<li data-section-id=\"18kw7d1\" data-start=\"1002\" data-end=\"1043\">\n<p data-start=\"1004\" data-end=\"1043\">Fin som b\u00e5de vas och inredningsdetalj<\/p>\n<\/li>\n<\/ul>\n","protected":false},"featured_media":715,"template":"","meta":{"wds_primary_product_brand":0,"wds_primary_product_cat":0},"product_brand":[],"product_cat":[15,25],"product_tag":[],"class_list":{"0":"post-714","1":"product","2":"type-product","3":"status-publish","4":"has-post-thumbnail","6":"product_cat-uncategorized","7":"product_cat-nyheter","8":"product_shipping_class-storre-paket","10":"first","11":"instock","12":"taxable","13":"shipping-taxable","14":"purchasable","15":"product-type-simple"},"_links":{"self":[{"href":"https:\/\/vonotterskarummet.se\/index.php?rest_route=\/wp\/v2\/product\/714","targetHints":{"allow":["GET"]}}],"collection":[{"href":"https:\/\/vonotterskarummet.se\/index.php?rest_route=\/wp\/v2\/product"}],"about":[{"href":"https:\/\/vonotterskarummet.se\/index.php?rest_route=\/wp\/v2\/types\/product"}],"wp:featuredmedia":[{"embeddable":true,"href":"https:\/\/vonotterskarummet.se\/index.php?rest_route=\/wp\/v2\/media\/715"}],"wp:attachment":[{"href":"https:\/\/vonotterskarummet.se\/index.php?rest_route=%2Fwp%2Fv2%2Fmedia&parent=714"}],"wp:term":[{"taxonomy":"product_brand","embeddable":true,"href":"https:\/\/vonotterskarummet.se\/index.php?rest_route=%2Fwp%2Fv2%2Fproduct_brand&post=714"},{"taxonomy":"product_cat","embeddable":true,"href":"https:\/\/vonotterskarummet.se\/index.php?rest_route=%2Fwp%2Fv2%2Fproduct_cat&post=714"},{"taxonomy":"product_tag","embeddable":true,"href":"https:\/\/vonotterskarummet.se\/index.php?rest_route=%2Fwp%2Fv2%2Fproduct_tag&post=714"}],"curies":[{"name":"wp","href":"https:\/\/api.w.org\/{rel}","templated":true}]}}