{"id":721,"date":"2026-03-19T15:44:08","date_gmt":"2026-03-19T14:44:08","guid":{"rendered":"https:\/\/vonotterskarummet.se\/?post_type=product&#038;p=721"},"modified":"2026-04-08T13:21:16","modified_gmt":"2026-04-08T11:21:16","slug":"mini-fagelbo-med-dekorationsagg","status":"publish","type":"product","link":"https:\/\/vonotterskarummet.se\/?product=mini-fagelbo-med-dekorationsagg","title":{"rendered":"Mini F\u00e5gelbo med Dekorations\u00e4gg"},"content":{"rendered":"","protected":false},"excerpt":{"rendered":"<p data-start=\"104\" data-end=\"350\">Ett charmigt och naturtroget <strong data-start=\"133\" data-end=\"164\">dekorationsbo med vaktel\u00e4gg<\/strong> som skapar en mjuk och inbjudande k\u00e4nsla i hemmet. Boet \u00e4r dekorerat med sm\u00e5 naturinspirerade \u00e4gg och l\u00e4tta fj\u00e4drar, vilket g\u00f6r det till en perfekt detalj i v\u00e5r- och p\u00e5skdekorationer.<\/p>\n<p data-start=\"352\" data-end=\"594\">Passar utm\u00e4rkt att placera p\u00e5 ett dukat bord, i ett blomsterarrangemang, p\u00e5 en hylla eller som en del av ett st\u00f6rre s\u00e4songspynt. Den rustika och naturn\u00e4ra designen g\u00f6r att dekorationen enkelt sm\u00e4lter in i b\u00e5de klassiska och moderna milj\u00f6er.<\/p>\n<p data-start=\"596\" data-end=\"682\">En liten men effektfull inredningsdetalj som ger hemmet en varm och ombonad v\u00e5rk\u00e4nsla.<\/p>\n","protected":false},"featured_media":723,"template":"","meta":{"wds_primary_product_brand":0,"wds_primary_product_cat":0},"product_brand":[],"product_cat":[15,28],"product_tag":[],"class_list":{"0":"post-721","1":"product","2":"type-product","3":"status-publish","4":"has-post-thumbnail","6":"product_cat-uncategorized","7":"product_cat-pask","8":"product_shipping_class-storre-paket","10":"first","11":"instock","12":"taxable","13":"shipping-taxable","14":"purchasable","15":"product-type-simple"},"_links":{"self":[{"href":"https:\/\/vonotterskarummet.se\/index.php?rest_route=\/wp\/v2\/product\/721","targetHints":{"allow":["GET"]}}],"collection":[{"href":"https:\/\/vonotterskarummet.se\/index.php?rest_route=\/wp\/v2\/product"}],"about":[{"href":"https:\/\/vonotterskarummet.se\/index.php?rest_route=\/wp\/v2\/types\/product"}],"wp:featuredmedia":[{"embeddable":true,"href":"https:\/\/vonotterskarummet.se\/index.php?rest_route=\/wp\/v2\/media\/723"}],"wp:attachment":[{"href":"https:\/\/vonotterskarummet.se\/index.php?rest_route=%2Fwp%2Fv2%2Fmedia&parent=721"}],"wp:term":[{"taxonomy":"product_brand","embeddable":true,"href":"https:\/\/vonotterskarummet.se\/index.php?rest_route=%2Fwp%2Fv2%2Fproduct_brand&post=721"},{"taxonomy":"product_cat","embeddable":true,"href":"https:\/\/vonotterskarummet.se\/index.php?rest_route=%2Fwp%2Fv2%2Fproduct_cat&post=721"},{"taxonomy":"product_tag","embeddable":true,"href":"https:\/\/vonotterskarummet.se\/index.php?rest_route=%2Fwp%2Fv2%2Fproduct_tag&post=721"}],"curies":[{"name":"wp","href":"https:\/\/api.w.org\/{rel}","templated":true}]}}