{"id":742,"date":"2026-03-22T15:59:59","date_gmt":"2026-03-22T14:59:59","guid":{"rendered":"https:\/\/vonotterskarummet.se\/?post_type=product&#038;p=742"},"modified":"2026-04-08T13:21:14","modified_gmt":"2026-04-08T11:21:14","slug":"dekorativ-planteringsskal-i-metall","status":"publish","type":"product","link":"https:\/\/vonotterskarummet.se\/?product=dekorativ-planteringsskal-i-metall","title":{"rendered":"Dekorativ Planteringssk\u00e5l i Metall"},"content":{"rendered":"","protected":false},"excerpt":{"rendered":"<p data-start=\"109\" data-end=\"392\">Elegant <strong data-start=\"117\" data-end=\"158\">planteringssk\u00e5l i metall p\u00e5 st\u00e4llning<\/strong> med dekorativa detaljer och vacker gr\u00f6n finish. Den stilfulla designen g\u00f6r den till en perfekt inredningsdetalj f\u00f6r b\u00e5de inom- och utomhusmilj\u00f6er, samtidigt som den lyfter fram v\u00e4xter och blomsterarrangemang p\u00e5 ett dekorativt s\u00e4tt.<\/p>\n<p data-start=\"394\" data-end=\"682\">Planteringssk\u00e5len passar utm\u00e4rkt f\u00f6r s\u00e4songens blommor, gr\u00f6na v\u00e4xter, konstv\u00e4xter eller dekorativa arrangemang med mossa, ljus och pynt. Den upph\u00f6jda st\u00e4llningen ger ett luftigt och elegant uttryck och g\u00f6r sk\u00e5len till ett vackert blickf\u00e5ng p\u00e5 bord, altan, veranda, entr\u00e9 eller i uterum.<\/p>\n<p data-start=\"684\" data-end=\"867\">Den gr\u00f6na f\u00e4rgen tillsammans med de sv\u00e4ngda benen och den ornamenterade kanten skapar en romantisk och klassisk k\u00e4nsla som passar lika fint i lantlig som i mer elegant inredningsstil.<\/p>\n","protected":false},"featured_media":743,"template":"","meta":{"wds_primary_product_brand":0,"wds_primary_product_cat":0},"product_brand":[],"product_cat":[15,25],"product_tag":[],"class_list":{"0":"post-742","1":"product","2":"type-product","3":"status-publish","4":"has-post-thumbnail","6":"product_cat-uncategorized","7":"product_cat-nyheter","8":"product_shipping_class-storre-paket","10":"first","11":"instock","12":"taxable","13":"shipping-taxable","14":"purchasable","15":"product-type-simple"},"_links":{"self":[{"href":"https:\/\/vonotterskarummet.se\/index.php?rest_route=\/wp\/v2\/product\/742","targetHints":{"allow":["GET"]}}],"collection":[{"href":"https:\/\/vonotterskarummet.se\/index.php?rest_route=\/wp\/v2\/product"}],"about":[{"href":"https:\/\/vonotterskarummet.se\/index.php?rest_route=\/wp\/v2\/types\/product"}],"wp:featuredmedia":[{"embeddable":true,"href":"https:\/\/vonotterskarummet.se\/index.php?rest_route=\/wp\/v2\/media\/743"}],"wp:attachment":[{"href":"https:\/\/vonotterskarummet.se\/index.php?rest_route=%2Fwp%2Fv2%2Fmedia&parent=742"}],"wp:term":[{"taxonomy":"product_brand","embeddable":true,"href":"https:\/\/vonotterskarummet.se\/index.php?rest_route=%2Fwp%2Fv2%2Fproduct_brand&post=742"},{"taxonomy":"product_cat","embeddable":true,"href":"https:\/\/vonotterskarummet.se\/index.php?rest_route=%2Fwp%2Fv2%2Fproduct_cat&post=742"},{"taxonomy":"product_tag","embeddable":true,"href":"https:\/\/vonotterskarummet.se\/index.php?rest_route=%2Fwp%2Fv2%2Fproduct_tag&post=742"}],"curies":[{"name":"wp","href":"https:\/\/api.w.org\/{rel}","templated":true}]}}