{"id":745,"date":"2026-03-22T16:10:05","date_gmt":"2026-03-22T15:10:05","guid":{"rendered":"https:\/\/vonotterskarummet.se\/?post_type=product&#038;p=745"},"modified":"2026-04-09T16:46:40","modified_gmt":"2026-04-09T14:46:40","slug":"franskt-vitrinskap-i-tra-med-glasdorrar","status":"publish","type":"product","link":"https:\/\/vonotterskarummet.se\/?product=franskt-vitrinskap-i-tra-med-glasdorrar","title":{"rendered":"Franskt Vitrinsk\u00e5p i Tr\u00e4 med Glasd\u00f6rrar"},"content":{"rendered":"","protected":false},"excerpt":{"rendered":"<p data-start=\"564\" data-end=\"853\">Vackert <strong data-start=\"572\" data-end=\"600\">franskt vitrinsk\u00e5p i tr\u00e4<\/strong>, ink\u00f6pt i Frankrike, med klassiska glasd\u00f6rrar, dekorativa beslag och charmiga textildetaljer som ger m\u00f6beln ett varmt och genuint uttryck. Den tidl\u00f6sa designen tillsammans med de eleganta proportionerna g\u00f6r sk\u00e5pet till ett vackert blickf\u00e5ng i hemmet.<\/p>\n<p data-start=\"855\" data-end=\"1122\">Inv\u00e4ndigt erbjuder sk\u00e5pet gener\u00f6s f\u00f6rvaring med hyllplan, vilket g\u00f6r det perfekt f\u00f6r porslin, glas, textilier, b\u00f6cker eller dekorativa f\u00f6rem\u00e5l. De glasade d\u00f6rrarna med tyg bakom skapar en mjuk och ombonad k\u00e4nsla samtidigt som inneh\u00e5llet d\u00f6ljs p\u00e5 ett stilfullt s\u00e4tt.<\/p>\n<p data-start=\"1124\" data-end=\"1353\">M\u00f6beln passar lika fint i matsal, vardagsrum, hall eller k\u00f6k och tillf\u00f6r en exklusiv fransk k\u00e4nsla till inredningen. En unik och karakt\u00e4rsfull m\u00f6bel f\u00f6r dig som uppskattar klassisk design, funktionell f\u00f6rvaring och vacker patina.<\/p>\n","protected":false},"featured_media":746,"template":"","meta":{"wds_primary_product_brand":0,"wds_primary_product_cat":0},"product_brand":[],"product_cat":[24,15,25],"product_tag":[],"class_list":{"0":"post-745","1":"product","2":"type-product","3":"status-publish","4":"has-post-thumbnail","6":"product_cat-antikviteter","7":"product_cat-uncategorized","8":"product_cat-nyheter","9":"product_shipping_class-endast-hamtning","11":"first","12":"outofstock","13":"taxable","14":"shipping-taxable","15":"purchasable","16":"product-type-simple"},"_links":{"self":[{"href":"https:\/\/vonotterskarummet.se\/index.php?rest_route=\/wp\/v2\/product\/745","targetHints":{"allow":["GET"]}}],"collection":[{"href":"https:\/\/vonotterskarummet.se\/index.php?rest_route=\/wp\/v2\/product"}],"about":[{"href":"https:\/\/vonotterskarummet.se\/index.php?rest_route=\/wp\/v2\/types\/product"}],"wp:featuredmedia":[{"embeddable":true,"href":"https:\/\/vonotterskarummet.se\/index.php?rest_route=\/wp\/v2\/media\/746"}],"wp:attachment":[{"href":"https:\/\/vonotterskarummet.se\/index.php?rest_route=%2Fwp%2Fv2%2Fmedia&parent=745"}],"wp:term":[{"taxonomy":"product_brand","embeddable":true,"href":"https:\/\/vonotterskarummet.se\/index.php?rest_route=%2Fwp%2Fv2%2Fproduct_brand&post=745"},{"taxonomy":"product_cat","embeddable":true,"href":"https:\/\/vonotterskarummet.se\/index.php?rest_route=%2Fwp%2Fv2%2Fproduct_cat&post=745"},{"taxonomy":"product_tag","embeddable":true,"href":"https:\/\/vonotterskarummet.se\/index.php?rest_route=%2Fwp%2Fv2%2Fproduct_tag&post=745"}],"curies":[{"name":"wp","href":"https:\/\/api.w.org\/{rel}","templated":true}]}}