{"id":751,"date":"2026-03-22T16:18:18","date_gmt":"2026-03-22T15:18:18","guid":{"rendered":"https:\/\/vonotterskarummet.se\/?post_type=product&#038;p=751"},"modified":"2026-04-08T13:21:15","modified_gmt":"2026-04-08T11:21:15","slug":"dekorativ-metallkorg-med-handtag","status":"publish","type":"product","link":"https:\/\/vonotterskarummet.se\/?product=dekorativ-metallkorg-med-handtag","title":{"rendered":"Dekorativ Metallkorg med Handtag"},"content":{"rendered":"","protected":false},"excerpt":{"rendered":"<p data-start=\"180\" data-end=\"454\">Elegant <strong data-start=\"188\" data-end=\"224\">dekorativ metallkorg med handtag<\/strong>, finns i b\u00e5de <strong data-start=\"239\" data-end=\"264\">stor och liten modell<\/strong> och s\u00e4ljs separat. Med sin sk\u00e5lformade design, dekorativa sv\u00e4ngda f\u00f6tter och b\u00e5gformade handtag blir den en vacker inredningsdetalj som passar i b\u00e5de klassisk, romantisk och lantlig stil.<\/p>\n<p data-start=\"456\" data-end=\"823\">Den mjukt patinerade finishen ger korgen ett dekorativt och stilfullt uttryck, perfekt f\u00f6r blomsterarrangemang, s\u00e4songsdekorationer, ljus, mossa eller andra vackra detaljer. Den st\u00f6rre modellen passar utm\u00e4rkt som ett blickf\u00e5ng p\u00e5 bord eller sideboard, medan den mindre modellen \u00e4r l\u00e4ttplacerad och fin p\u00e5 hylla, f\u00f6nsterbr\u00e4da eller som del av ett st\u00f6rre arrangemang.<\/p>\n<p data-start=\"825\" data-end=\"1029\">Perfekt att anv\u00e4nda \u00e5ret om \u2013 b\u00e5de som dekorationskorg, planteringskorg eller som en charmig detalj i hemmet. Finns i <strong data-start=\"943\" data-end=\"969\">stor och liten storlek<\/strong> f\u00f6r att enkelt kunna kombineras eller anv\u00e4ndas var f\u00f6r sig.<\/p>\n","protected":false},"featured_media":752,"template":"","meta":{"wds_primary_product_brand":0,"wds_primary_product_cat":0},"product_brand":[],"product_cat":[15,25],"product_tag":[],"class_list":{"0":"post-751","1":"product","2":"type-product","3":"status-publish","4":"has-post-thumbnail","6":"product_cat-uncategorized","7":"product_cat-nyheter","8":"product_shipping_class-storre-paket","10":"first","11":"instock","12":"taxable","13":"shipping-taxable","14":"purchasable","15":"product-type-variable"},"_links":{"self":[{"href":"https:\/\/vonotterskarummet.se\/index.php?rest_route=\/wp\/v2\/product\/751","targetHints":{"allow":["GET"]}}],"collection":[{"href":"https:\/\/vonotterskarummet.se\/index.php?rest_route=\/wp\/v2\/product"}],"about":[{"href":"https:\/\/vonotterskarummet.se\/index.php?rest_route=\/wp\/v2\/types\/product"}],"wp:featuredmedia":[{"embeddable":true,"href":"https:\/\/vonotterskarummet.se\/index.php?rest_route=\/wp\/v2\/media\/752"}],"wp:attachment":[{"href":"https:\/\/vonotterskarummet.se\/index.php?rest_route=%2Fwp%2Fv2%2Fmedia&parent=751"}],"wp:term":[{"taxonomy":"product_brand","embeddable":true,"href":"https:\/\/vonotterskarummet.se\/index.php?rest_route=%2Fwp%2Fv2%2Fproduct_brand&post=751"},{"taxonomy":"product_cat","embeddable":true,"href":"https:\/\/vonotterskarummet.se\/index.php?rest_route=%2Fwp%2Fv2%2Fproduct_cat&post=751"},{"taxonomy":"product_tag","embeddable":true,"href":"https:\/\/vonotterskarummet.se\/index.php?rest_route=%2Fwp%2Fv2%2Fproduct_tag&post=751"}],"curies":[{"name":"wp","href":"https:\/\/api.w.org\/{rel}","templated":true}]}}