{"id":763,"date":"2026-03-22T16:38:29","date_gmt":"2026-03-22T15:38:29","guid":{"rendered":"https:\/\/vonotterskarummet.se\/?post_type=product&#038;p=763"},"modified":"2026-04-08T13:21:14","modified_gmt":"2026-04-08T11:21:14","slug":"hangande-fagelholk-i-naturmaterial","status":"publish","type":"product","link":"https:\/\/vonotterskarummet.se\/?product=hangande-fagelholk-i-naturmaterial","title":{"rendered":"H\u00e4ngande F\u00e5gelholk i Naturmaterial"},"content":{"rendered":"","protected":false},"excerpt":{"rendered":"<p data-start=\"410\" data-end=\"654\">Charmig <strong data-start=\"418\" data-end=\"456\">h\u00e4ngande f\u00e5gelholk i naturmaterial<\/strong> som skapar en varm och naturn\u00e4ra k\u00e4nsla i hemmet. Med sitt dekorativa tak av naturdetaljer, sm\u00e5 mossinslag och rustika uttryck blir den en fin detalj i v\u00e5rens, sommarens och h\u00f6stens dekorationer.<\/p>\n<p data-start=\"656\" data-end=\"904\">Perfekt att h\u00e4nga i en gren, i ett f\u00f6nster, p\u00e5 en dekorationskvist eller som en del av ett st\u00f6rre s\u00e4songsarrangemang. Den lilla f\u00e5gelholken passar lika fint ensam som tillsammans med flera dekorationer f\u00f6r att skapa en levande och ombonad k\u00e4nsla.<\/p>\n<p data-start=\"906\" data-end=\"1009\">En s\u00f6t och dekorativ inredningsdetalj som tillf\u00f6r charm, naturk\u00e4nsla och ett lekfullt uttryck i hemmet.<\/p>\n","protected":false},"featured_media":765,"template":"","meta":{"wds_primary_product_brand":0,"wds_primary_product_cat":0},"product_brand":[],"product_cat":[15,28],"product_tag":[],"class_list":{"0":"post-763","1":"product","2":"type-product","3":"status-publish","4":"has-post-thumbnail","6":"product_cat-uncategorized","7":"product_cat-pask","8":"product_shipping_class-storre-paket","10":"first","11":"instock","12":"taxable","13":"shipping-taxable","14":"purchasable","15":"product-type-simple"},"_links":{"self":[{"href":"https:\/\/vonotterskarummet.se\/index.php?rest_route=\/wp\/v2\/product\/763","targetHints":{"allow":["GET"]}}],"collection":[{"href":"https:\/\/vonotterskarummet.se\/index.php?rest_route=\/wp\/v2\/product"}],"about":[{"href":"https:\/\/vonotterskarummet.se\/index.php?rest_route=\/wp\/v2\/types\/product"}],"wp:featuredmedia":[{"embeddable":true,"href":"https:\/\/vonotterskarummet.se\/index.php?rest_route=\/wp\/v2\/media\/765"}],"wp:attachment":[{"href":"https:\/\/vonotterskarummet.se\/index.php?rest_route=%2Fwp%2Fv2%2Fmedia&parent=763"}],"wp:term":[{"taxonomy":"product_brand","embeddable":true,"href":"https:\/\/vonotterskarummet.se\/index.php?rest_route=%2Fwp%2Fv2%2Fproduct_brand&post=763"},{"taxonomy":"product_cat","embeddable":true,"href":"https:\/\/vonotterskarummet.se\/index.php?rest_route=%2Fwp%2Fv2%2Fproduct_cat&post=763"},{"taxonomy":"product_tag","embeddable":true,"href":"https:\/\/vonotterskarummet.se\/index.php?rest_route=%2Fwp%2Fv2%2Fproduct_tag&post=763"}],"curies":[{"name":"wp","href":"https:\/\/api.w.org\/{rel}","templated":true}]}}