{"id":811,"date":"2026-03-22T17:42:45","date_gmt":"2026-03-22T16:42:45","guid":{"rendered":"https:\/\/vonotterskarummet.se\/?post_type=product&#038;p=811"},"modified":"2026-04-08T13:21:13","modified_gmt":"2026-04-08T11:21:13","slug":"antika-dekorativa-piedestalfat-ljusstakar-i-gjutjarn","status":"publish","type":"product","link":"https:\/\/vonotterskarummet.se\/?product=antika-dekorativa-piedestalfat-ljusstakar-i-gjutjarn","title":{"rendered":"Antika dekorativa piedestalfat \/ ljusstakar i gjutj\u00e4rn"},"content":{"rendered":"","protected":false},"excerpt":{"rendered":"<p data-start=\"236\" data-end=\"614\">En vacker och dekorativ \u00e4ldre piedestalfat i svart gjutj\u00e4rn med rikt ornamenterad design. Dessa eleganta f\u00f6rem\u00e5l har en kraftfull nygotisk\/viktoriansk k\u00e4nsla med detaljerad blom- och bladornamentik b\u00e5de p\u00e5 fot och fat. Perfekta som inredningsdetaljer, sm\u00e5 piedestaler f\u00f6r v\u00e4rmeljus, blockljus, mindre v\u00e4xter eller som dekorativa socklar f\u00f6r att lyfta fram mindre f\u00f6rem\u00e5l. Kan k\u00f6pas som ett par, men priset \u00e4r f\u00f6r en styck.<\/p>\n<p data-start=\"616\" data-end=\"807\">Den robusta konstruktionen i gjutj\u00e4rn ger dem b\u00e5de tyngd och karakt\u00e4r, medan den m\u00f6rka patinan f\u00f6rst\u00e4rker deras antika uttryck. Passar utm\u00e4rkt i klassisk, romantisk eller eklektisk inredning.<\/p>\n<p data-start=\"809\" data-end=\"822\"><strong data-start=\"809\" data-end=\"822\">Detaljer:<\/strong><\/p>\n<ul data-start=\"823\" data-end=\"986\">\n<li data-section-id=\"an3d5z\" data-start=\"823\" data-end=\"845\">Material: Gjutj\u00e4rn<\/li>\n<li data-section-id=\"1hspqfd\" data-start=\"846\" data-end=\"875\">F\u00e4rg: Svart \/ m\u00f6rk patina<\/li>\n<li data-section-id=\"1b16yfx\" data-start=\"876\" data-end=\"894\">S\u00e4ljes som par<\/li>\n<li data-section-id=\"zbbvks\" data-start=\"895\" data-end=\"929\">Rikligt ornamenterade detaljer<\/li>\n<li data-section-id=\"srtkyv\" data-start=\"930\" data-end=\"986\">Passar som dekoration, ljusfat eller sm\u00e5 piedestaler<\/li>\n<\/ul>\n<p data-start=\"988\" data-end=\"1143\"><strong data-start=\"988\" data-end=\"998\">Skick:<\/strong><br data-start=\"998\" data-end=\"1001\" \/>Bruksslitage och patina f\u00f6rekommer i enlighet med \u00e5lder. Mindre sp\u00e5r av rost\/slitage p\u00e5 ovansidan finns, vilket bidrar till den \u00e4ldre charmen.<\/p>\n","protected":false},"featured_media":813,"template":"","meta":{"wds_primary_product_brand":0,"wds_primary_product_cat":0},"product_brand":[],"product_cat":[24,25],"product_tag":[],"class_list":{"0":"post-811","1":"product","2":"type-product","3":"status-publish","4":"has-post-thumbnail","6":"product_cat-antikviteter","7":"product_cat-nyheter","8":"product_shipping_class-storre-paket","10":"first","11":"outofstock","12":"taxable","13":"shipping-taxable","14":"purchasable","15":"product-type-simple"},"_links":{"self":[{"href":"https:\/\/vonotterskarummet.se\/index.php?rest_route=\/wp\/v2\/product\/811","targetHints":{"allow":["GET"]}}],"collection":[{"href":"https:\/\/vonotterskarummet.se\/index.php?rest_route=\/wp\/v2\/product"}],"about":[{"href":"https:\/\/vonotterskarummet.se\/index.php?rest_route=\/wp\/v2\/types\/product"}],"wp:featuredmedia":[{"embeddable":true,"href":"https:\/\/vonotterskarummet.se\/index.php?rest_route=\/wp\/v2\/media\/813"}],"wp:attachment":[{"href":"https:\/\/vonotterskarummet.se\/index.php?rest_route=%2Fwp%2Fv2%2Fmedia&parent=811"}],"wp:term":[{"taxonomy":"product_brand","embeddable":true,"href":"https:\/\/vonotterskarummet.se\/index.php?rest_route=%2Fwp%2Fv2%2Fproduct_brand&post=811"},{"taxonomy":"product_cat","embeddable":true,"href":"https:\/\/vonotterskarummet.se\/index.php?rest_route=%2Fwp%2Fv2%2Fproduct_cat&post=811"},{"taxonomy":"product_tag","embeddable":true,"href":"https:\/\/vonotterskarummet.se\/index.php?rest_route=%2Fwp%2Fv2%2Fproduct_tag&post=811"}],"curies":[{"name":"wp","href":"https:\/\/api.w.org\/{rel}","templated":true}]}}