{"id":825,"date":"2026-03-22T17:54:10","date_gmt":"2026-03-22T16:54:10","guid":{"rendered":"https:\/\/vonotterskarummet.se\/?post_type=product&#038;p=825"},"modified":"2026-03-22T17:54:11","modified_gmt":"2026-03-22T16:54:11","slug":"lassiskt-soffbord-salongsbord-med-marmorskiva","status":"publish","type":"product","link":"https:\/\/vonotterskarummet.se\/?product=lassiskt-soffbord-salongsbord-med-marmorskiva","title":{"rendered":"lassiskt soffbord \/ salongsbord med marmorskiva"},"content":{"rendered":"","protected":false},"excerpt":{"rendered":"<p data-start=\"185\" data-end=\"463\">Ett stilrent och elegant soffbord\/salongsbord k\u00f6pt i Frankrike, med exklusiv marmorskiva i ljus vit\/gr\u00e5 ton och klassisk tr\u00e4stomme i m\u00f6rkare tr\u00e4slag. Bordet har en tidl\u00f6s design med raka linjer, vackert svarvade ben och dekorativa detaljer vid h\u00f6rnen som ger ett sofistikerat och gediget intryck.<\/p>\n<p data-start=\"465\" data-end=\"725\">Den \u00e4kta marmorskivan skapar en lyxig k\u00e4nsla och g\u00f6r bordet till en fin blickf\u00e5ngare i vardagsrum, salong eller bibliotek. Kombinationen av marmor och m\u00f6rkt tr\u00e4 g\u00f6r att bordet passar lika fint i klassisk, herrg\u00e5rdsinspirerad eller mer tidl\u00f6s elegant inredning.<\/p>\n<p data-start=\"727\" data-end=\"740\"><strong data-start=\"727\" data-end=\"740\">Detaljer:<\/strong><\/p>\n<ul data-start=\"741\" data-end=\"933\">\n<li data-section-id=\"e5jrxj\" data-start=\"741\" data-end=\"786\">Bordsskiva i ljus marmor (vit\/gr\u00e5 \u00e5dring)<\/li>\n<li data-section-id=\"1lp7a49\" data-start=\"787\" data-end=\"811\">Tr\u00e4stomme i m\u00f6rk ton<\/li>\n<li data-section-id=\"z60zho\" data-start=\"812\" data-end=\"846\">Svarvade ben med klassisk form<\/li>\n<li data-section-id=\"9wuj8z\" data-start=\"847\" data-end=\"874\">Dekorativa h\u00f6rndetaljer<\/li>\n<li data-section-id=\"jr5pxl\" data-start=\"875\" data-end=\"933\">Passar som soffbord, salongsbord eller avlastningsbord<\/li>\n<\/ul>\n<p data-start=\"935\" data-end=\"1071\"><strong data-start=\"935\" data-end=\"945\">Skick:<\/strong><br data-start=\"945\" data-end=\"948\" \/>Fint vintage-\/begagnat skick med normalt bruksslitage i enlighet med \u00e5lder och anv\u00e4ndning. Helhetsintrycket \u00e4r mycket gott.<\/p>\n","protected":false},"featured_media":814,"template":"","meta":{"wds_primary_product_brand":0,"wds_primary_product_cat":0},"product_brand":[],"product_cat":[24,34,25],"product_tag":[],"class_list":{"0":"post-825","1":"product","2":"type-product","3":"status-publish","4":"has-post-thumbnail","6":"product_cat-antikviteter","7":"product_cat-mobler","8":"product_cat-nyheter","9":"product_shipping_class-endast-hamtning","11":"first","12":"instock","13":"taxable","14":"shipping-taxable","15":"purchasable","16":"product-type-simple"},"_links":{"self":[{"href":"https:\/\/vonotterskarummet.se\/index.php?rest_route=\/wp\/v2\/product\/825","targetHints":{"allow":["GET"]}}],"collection":[{"href":"https:\/\/vonotterskarummet.se\/index.php?rest_route=\/wp\/v2\/product"}],"about":[{"href":"https:\/\/vonotterskarummet.se\/index.php?rest_route=\/wp\/v2\/types\/product"}],"wp:featuredmedia":[{"embeddable":true,"href":"https:\/\/vonotterskarummet.se\/index.php?rest_route=\/wp\/v2\/media\/814"}],"wp:attachment":[{"href":"https:\/\/vonotterskarummet.se\/index.php?rest_route=%2Fwp%2Fv2%2Fmedia&parent=825"}],"wp:term":[{"taxonomy":"product_brand","embeddable":true,"href":"https:\/\/vonotterskarummet.se\/index.php?rest_route=%2Fwp%2Fv2%2Fproduct_brand&post=825"},{"taxonomy":"product_cat","embeddable":true,"href":"https:\/\/vonotterskarummet.se\/index.php?rest_route=%2Fwp%2Fv2%2Fproduct_cat&post=825"},{"taxonomy":"product_tag","embeddable":true,"href":"https:\/\/vonotterskarummet.se\/index.php?rest_route=%2Fwp%2Fv2%2Fproduct_tag&post=825"}],"curies":[{"name":"wp","href":"https:\/\/api.w.org\/{rel}","templated":true}]}}