{"id":854,"date":"2026-03-22T19:27:20","date_gmt":"2026-03-22T18:27:20","guid":{"rendered":"https:\/\/vonotterskarummet.se\/?post_type=product&#038;p=854"},"modified":"2026-04-08T13:21:14","modified_gmt":"2026-04-08T11:21:14","slug":"kaffekopp-i-klassisk-dekor-svart-rod-eller-bla","status":"publish","type":"product","link":"https:\/\/vonotterskarummet.se\/?product=kaffekopp-i-klassisk-dekor-svart-rod-eller-bla","title":{"rendered":"kaffekopp i klassisk dekor \u2013 svart, r\u00f6d eller bl\u00e5"},"content":{"rendered":"","protected":false},"excerpt":{"rendered":"<p data-start=\"2504\" data-end=\"2712\">Elegant st\u00f6rre kopp perfekt f\u00f6r kaffe eller te. Serien finns i <strong data-start=\"2610\" data-end=\"2650\">tre olika f\u00e4rger: svart, r\u00f6d och bl\u00e5<\/strong>, med en klassisk dekor som ger en stilfull och tidl\u00f6s k\u00e4nsla.<\/p>\n<p data-start=\"2714\" data-end=\"2910\">\u00a0acker b\u00e5de till vardags och vid finare servering.<\/p>\n<p data-start=\"2912\" data-end=\"2925\"><strong data-start=\"2912\" data-end=\"2925\">Detaljer:<\/strong><\/p>\n<ul data-start=\"2926\" data-end=\"3129\">\n<li data-section-id=\"yva4co\" data-start=\"2960\" data-end=\"3002\">Passar till kaffe, te eller cappuccino<\/li>\n<li data-section-id=\"12xel63\" data-start=\"3003\" data-end=\"3043\">Finns i <strong data-start=\"3013\" data-end=\"3041\">svart, r\u00f6d och bl\u00e5 dekor<\/strong><\/li>\n<li data-section-id=\"1stdw9g\" data-start=\"3044\" data-end=\"3077\">Klassisk och dekorativ design<\/li>\n<li data-section-id=\"1ae2mfc\" data-start=\"3078\" data-end=\"3129\">Perfekt att kombinera med \u00f6vriga delar i serien<\/li>\n<\/ul>\n","protected":false},"featured_media":839,"template":"","meta":{"wds_primary_product_brand":0,"wds_primary_product_cat":0},"product_brand":[],"product_cat":[15,25],"product_tag":[],"class_list":{"0":"post-854","1":"product","2":"type-product","3":"status-publish","4":"has-post-thumbnail","6":"product_cat-uncategorized","7":"product_cat-nyheter","8":"product_shipping_class-storre-paket","10":"first","11":"instock","12":"taxable","13":"shipping-taxable","14":"purchasable","15":"product-type-variable"},"_links":{"self":[{"href":"https:\/\/vonotterskarummet.se\/index.php?rest_route=\/wp\/v2\/product\/854","targetHints":{"allow":["GET"]}}],"collection":[{"href":"https:\/\/vonotterskarummet.se\/index.php?rest_route=\/wp\/v2\/product"}],"about":[{"href":"https:\/\/vonotterskarummet.se\/index.php?rest_route=\/wp\/v2\/types\/product"}],"wp:featuredmedia":[{"embeddable":true,"href":"https:\/\/vonotterskarummet.se\/index.php?rest_route=\/wp\/v2\/media\/839"}],"wp:attachment":[{"href":"https:\/\/vonotterskarummet.se\/index.php?rest_route=%2Fwp%2Fv2%2Fmedia&parent=854"}],"wp:term":[{"taxonomy":"product_brand","embeddable":true,"href":"https:\/\/vonotterskarummet.se\/index.php?rest_route=%2Fwp%2Fv2%2Fproduct_brand&post=854"},{"taxonomy":"product_cat","embeddable":true,"href":"https:\/\/vonotterskarummet.se\/index.php?rest_route=%2Fwp%2Fv2%2Fproduct_cat&post=854"},{"taxonomy":"product_tag","embeddable":true,"href":"https:\/\/vonotterskarummet.se\/index.php?rest_route=%2Fwp%2Fv2%2Fproduct_tag&post=854"}],"curies":[{"name":"wp","href":"https:\/\/api.w.org\/{rel}","templated":true}]}}