{"id":859,"date":"2026-03-22T19:33:30","date_gmt":"2026-03-22T18:33:30","guid":{"rendered":"https:\/\/vonotterskarummet.se\/?post_type=product&#038;p=859"},"modified":"2026-04-08T13:21:08","modified_gmt":"2026-04-08T11:21:08","slug":"aggkopp-i-klassisk-dekor-svart-rod-eller-bla","status":"publish","type":"product","link":"https:\/\/vonotterskarummet.se\/?product=aggkopp-i-klassisk-dekor-svart-rod-eller-bla","title":{"rendered":"\u00c4ggkopp i klassisk dekor \u2013 svart, r\u00f6d eller bl\u00e5"},"content":{"rendered":"","protected":false},"excerpt":{"rendered":"<p data-start=\"3831\" data-end=\"4060\">Charmig och elegant \u00e4ggkopp i porslin med klassisk dekor och vackra detaljer. Finns i <strong data-start=\"3917\" data-end=\"3957\">tre olika f\u00e4rger: svart, r\u00f6d och bl\u00e5<\/strong>, vilket g\u00f6r den perfekt att matcha med resten av serien f\u00f6r en genomt\u00e4nkt och stilfull frukostdukning.<\/p>\n<p data-start=\"4062\" data-end=\"4202\">Den dekorativa formen och den tidl\u00f6sa designen g\u00f6r \u00e4ggkoppen lika fin till vardagsfrukosten som till en mer uppdukad brunch eller servering.<\/p>\n<p data-start=\"4204\" data-end=\"4217\"><strong data-start=\"4204\" data-end=\"4217\">Detaljer:<\/strong><\/p>\n<ul data-start=\"4218\" data-end=\"4403\">\n<li data-section-id=\"2vefh0\" data-start=\"4218\" data-end=\"4239\">\u00c4ggkopp i porslin<\/li>\n<li data-section-id=\"12xel63\" data-start=\"4240\" data-end=\"4280\">Finns i <strong data-start=\"4250\" data-end=\"4278\">svart, r\u00f6d och bl\u00e5 dekor<\/strong><\/li>\n<li data-section-id=\"1stdw9g\" data-start=\"4281\" data-end=\"4314\">Klassisk och dekorativ design<\/li>\n<li data-section-id=\"1rv0mox\" data-start=\"4315\" data-end=\"4361\">Perfekt till frukost, brunch eller samling<\/li>\n<li data-section-id=\"y52yus\" data-start=\"4362\" data-end=\"4403\">Passar ihop med \u00f6vriga delar i serien<\/li>\n<\/ul>\n","protected":false},"featured_media":832,"template":"","meta":{"wds_primary_product_brand":0,"wds_primary_product_cat":0},"product_brand":[],"product_cat":[15,25],"product_tag":[],"class_list":{"0":"post-859","1":"product","2":"type-product","3":"status-publish","4":"has-post-thumbnail","6":"product_cat-uncategorized","7":"product_cat-nyheter","8":"product_shipping_class-storre-paket","10":"first","11":"instock","12":"taxable","13":"shipping-taxable","14":"purchasable","15":"product-type-variable"},"_links":{"self":[{"href":"https:\/\/vonotterskarummet.se\/index.php?rest_route=\/wp\/v2\/product\/859","targetHints":{"allow":["GET"]}}],"collection":[{"href":"https:\/\/vonotterskarummet.se\/index.php?rest_route=\/wp\/v2\/product"}],"about":[{"href":"https:\/\/vonotterskarummet.se\/index.php?rest_route=\/wp\/v2\/types\/product"}],"wp:featuredmedia":[{"embeddable":true,"href":"https:\/\/vonotterskarummet.se\/index.php?rest_route=\/wp\/v2\/media\/832"}],"wp:attachment":[{"href":"https:\/\/vonotterskarummet.se\/index.php?rest_route=%2Fwp%2Fv2%2Fmedia&parent=859"}],"wp:term":[{"taxonomy":"product_brand","embeddable":true,"href":"https:\/\/vonotterskarummet.se\/index.php?rest_route=%2Fwp%2Fv2%2Fproduct_brand&post=859"},{"taxonomy":"product_cat","embeddable":true,"href":"https:\/\/vonotterskarummet.se\/index.php?rest_route=%2Fwp%2Fv2%2Fproduct_cat&post=859"},{"taxonomy":"product_tag","embeddable":true,"href":"https:\/\/vonotterskarummet.se\/index.php?rest_route=%2Fwp%2Fv2%2Fproduct_tag&post=859"}],"curies":[{"name":"wp","href":"https:\/\/api.w.org\/{rel}","templated":true}]}}