{"id":878,"date":"2026-03-23T12:45:26","date_gmt":"2026-03-23T11:45:26","guid":{"rendered":"https:\/\/vonotterskarummet.se\/?post_type=product&#038;p=878"},"modified":"2026-03-23T12:45:27","modified_gmt":"2026-03-23T11:45:27","slug":"exklusivt-par-schaferfigurer-med-marmorfot-inkopta-i-frankrike","status":"publish","type":"product","link":"https:\/\/vonotterskarummet.se\/?product=exklusivt-par-schaferfigurer-med-marmorfot-inkopta-i-frankrike","title":{"rendered":"Exklusivt par sch\u00e4ferfigurer med marmorfot \u2013 ink\u00f6pta i Frankrike"},"content":{"rendered":"","protected":false},"excerpt":{"rendered":"<p data-start=\"467\" data-end=\"744\">Ett mycket dekorativt och uttrycksfullt par sch\u00e4ferfigurer i klassisk stil, ink\u00f6pta i <strong data-start=\"553\" data-end=\"566\">Frankrike<\/strong>. Figurerna f\u00f6rest\u00e4ller tv\u00e5 vackert modellerade hundar \u2013 en sittande och en liggande \u2013 med fina detaljer i p\u00e4ls, ansikte och halsband som ger dem ett levande och elegant uttryck.<\/p>\n<p data-start=\"746\" data-end=\"1052\">De st\u00e5r p\u00e5 <strong data-start=\"757\" data-end=\"770\">marmorfot<\/strong>, vilket f\u00f6rst\u00e4rker den exklusiva k\u00e4nslan och g\u00f6r dem till mycket vackra inredningsdetaljer f\u00f6r bokhylla, sideboard, konsolbord eller vitrinsk\u00e5p. Den m\u00f6rka metall-\/bronsliknande finishen tillsammans med marmorn ger ett sofistikerat och tidl\u00f6st uttryck med tydlig europeisk karakt\u00e4r.<\/p>\n<p data-start=\"1054\" data-end=\"1159\">Perfekta f\u00f6r dig som uppskattar klassisk inredning, hundmotiv eller unika dekorf\u00f6rem\u00e5l med fransk k\u00e4nsla.<\/p>\n<p data-start=\"1161\" data-end=\"1174\"><strong data-start=\"1161\" data-end=\"1174\">Detaljer:<\/strong><\/p>\n<ul data-start=\"1175\" data-end=\"1435\">\n<li data-section-id=\"fqfw4i\" data-start=\"1175\" data-end=\"1208\">Par dekorativa sch\u00e4ferfigurer<\/li>\n<li data-section-id=\"1ot7rx8\" data-start=\"1209\" data-end=\"1246\">En sittande och en liggande figur<\/li>\n<li data-section-id=\"yd833r\" data-start=\"1247\" data-end=\"1268\">Med <strong data-start=\"1253\" data-end=\"1266\">marmorfot<\/strong><\/li>\n<li data-section-id=\"193gt17\" data-start=\"1269\" data-end=\"1296\">Ink\u00f6pta i <strong data-start=\"1281\" data-end=\"1294\">Frankrike<\/strong><\/li>\n<li data-section-id=\"j0wze2\" data-start=\"1297\" data-end=\"1334\">M\u00f6rk metall-\/bronsliknande finish<\/li>\n<li data-section-id=\"1x966o\" data-start=\"1335\" data-end=\"1374\">Mycket dekorativa med fina detaljer<\/li>\n<li data-section-id=\"18kb7mi\" data-start=\"1375\" data-end=\"1435\">Passar p\u00e5 sideboard, bokhylla, konsol eller i vitrinsk\u00e5p<\/li>\n<\/ul>\n<p data-start=\"1437\" data-end=\"1507\"><strong data-start=\"1437\" data-end=\"1447\">Skick:<\/strong><br data-start=\"1447\" data-end=\"1450\" \/>Mycket fint skick med normalt, l\u00e4tt \u00e5lders-\/bruksslitage.<\/p>\n","protected":false},"featured_media":890,"template":"","meta":{"wds_primary_product_brand":0,"wds_primary_product_cat":0},"product_brand":[],"product_cat":[24,15],"product_tag":[],"class_list":{"0":"post-878","1":"product","2":"type-product","3":"status-publish","4":"has-post-thumbnail","6":"product_cat-antikviteter","7":"product_cat-uncategorized","8":"product_shipping_class-endast-hamtning","10":"first","11":"instock","12":"taxable","13":"shipping-taxable","14":"purchasable","15":"product-type-simple"},"_links":{"self":[{"href":"https:\/\/vonotterskarummet.se\/index.php?rest_route=\/wp\/v2\/product\/878","targetHints":{"allow":["GET"]}}],"collection":[{"href":"https:\/\/vonotterskarummet.se\/index.php?rest_route=\/wp\/v2\/product"}],"about":[{"href":"https:\/\/vonotterskarummet.se\/index.php?rest_route=\/wp\/v2\/types\/product"}],"wp:featuredmedia":[{"embeddable":true,"href":"https:\/\/vonotterskarummet.se\/index.php?rest_route=\/wp\/v2\/media\/890"}],"wp:attachment":[{"href":"https:\/\/vonotterskarummet.se\/index.php?rest_route=%2Fwp%2Fv2%2Fmedia&parent=878"}],"wp:term":[{"taxonomy":"product_brand","embeddable":true,"href":"https:\/\/vonotterskarummet.se\/index.php?rest_route=%2Fwp%2Fv2%2Fproduct_brand&post=878"},{"taxonomy":"product_cat","embeddable":true,"href":"https:\/\/vonotterskarummet.se\/index.php?rest_route=%2Fwp%2Fv2%2Fproduct_cat&post=878"},{"taxonomy":"product_tag","embeddable":true,"href":"https:\/\/vonotterskarummet.se\/index.php?rest_route=%2Fwp%2Fv2%2Fproduct_tag&post=878"}],"curies":[{"name":"wp","href":"https:\/\/api.w.org\/{rel}","templated":true}]}}