{"id":908,"date":"2026-03-23T14:34:25","date_gmt":"2026-03-23T13:34:25","guid":{"rendered":"https:\/\/vonotterskarummet.se\/?post_type=product&#038;p=908"},"modified":"2026-03-23T14:34:26","modified_gmt":"2026-03-23T13:34:26","slug":"dekorativ-schafer-i-patinerad-finish-kopt-i-frankrike","status":"publish","type":"product","link":"https:\/\/vonotterskarummet.se\/?product=dekorativ-schafer-i-patinerad-finish-kopt-i-frankrike","title":{"rendered":"Dekorativ sch\u00e4fer i patinerad finish \u2013 k\u00f6pt i Frankrike"},"content":{"rendered":"","protected":false},"excerpt":{"rendered":"<p data-start=\"367\" data-end=\"648\">Vacker och uttrycksfull dekorativ hundfigur i sittande modell, med tydlig inspiration av sch\u00e4fer eller collie. Figuren har ett elegant och detaljrikt utf\u00f6rande med fint arbetad p\u00e4lsstruktur, markerade drag och en vacker patinerad finish som ger ett klassiskt och exklusivt uttryck.<\/p>\n<p data-start=\"650\" data-end=\"855\">Denna dekorativa figur \u00e4r <strong data-start=\"676\" data-end=\"696\">k\u00f6pt i Frankrike<\/strong> och passar perfekt i ett hem med klassisk, rustik, engelsk eller franskinspirerad inredning. Lika fin i bokhylla, p\u00e5 konsolbord, byr\u00e5 eller i biblioteksmilj\u00f6.<\/p>\n<p data-start=\"857\" data-end=\"948\">En mycket st\u00e4mningsfull inredningsdetalj som tillf\u00f6r karakt\u00e4r och personlighet till rummet.<\/p>\n<p data-start=\"950\" data-end=\"963\"><strong data-start=\"950\" data-end=\"963\">Detaljer:<\/strong><\/p>\n<ul data-start=\"964\" data-end=\"1227\">\n<li data-section-id=\"1xkot34\" data-start=\"964\" data-end=\"1004\">Dekorativ <strong data-start=\"976\" data-end=\"1004\">hundfigur \/ sch\u00e4ferfigur<\/strong><\/li>\n<li data-section-id=\"oz5esf\" data-start=\"1005\" data-end=\"1022\">Sittande modell<\/li>\n<li data-section-id=\"qhs0ru\" data-start=\"1023\" data-end=\"1081\">Vackert arbetad p\u00e4lsstruktur och detaljerade ansiktsdrag<\/li>\n<li data-section-id=\"1dbe0vj\" data-start=\"1082\" data-end=\"1114\">Patinerad \/ antikf\u00e4rgad finish<\/li>\n<li data-section-id=\"5lpv6v\" data-start=\"1115\" data-end=\"1145\">Klassisk och exklusiv k\u00e4nsla<\/li>\n<li data-section-id=\"1q69zxr\" data-start=\"1146\" data-end=\"1204\">Passar i bokhylla, p\u00e5 konsolbord, byr\u00e5 eller i bibliotek<\/li>\n<li data-section-id=\"1nayf1\" data-start=\"1205\" data-end=\"1227\"><strong data-start=\"1207\" data-end=\"1227\">K\u00f6pt i Frankrike<\/strong><\/li>\n<\/ul>\n<p data-start=\"1229\" data-end=\"1320\"><strong data-start=\"1229\" data-end=\"1239\">Skick:<\/strong><br data-start=\"1239\" data-end=\"1242\" \/>Fint skick med visst normalt bruksslitage i enlighet med \u00e5lder och anv\u00e4ndning.<\/p>\n","protected":false},"featured_media":905,"template":"","meta":{"wds_primary_product_brand":0,"wds_primary_product_cat":0},"product_brand":[],"product_cat":[24,15,25],"product_tag":[],"class_list":{"0":"post-908","1":"product","2":"type-product","3":"status-publish","4":"has-post-thumbnail","6":"product_cat-antikviteter","7":"product_cat-uncategorized","8":"product_cat-nyheter","9":"product_shipping_class-endast-hamtning","11":"first","12":"instock","13":"taxable","14":"shipping-taxable","15":"purchasable","16":"product-type-simple"},"_links":{"self":[{"href":"https:\/\/vonotterskarummet.se\/index.php?rest_route=\/wp\/v2\/product\/908","targetHints":{"allow":["GET"]}}],"collection":[{"href":"https:\/\/vonotterskarummet.se\/index.php?rest_route=\/wp\/v2\/product"}],"about":[{"href":"https:\/\/vonotterskarummet.se\/index.php?rest_route=\/wp\/v2\/types\/product"}],"wp:featuredmedia":[{"embeddable":true,"href":"https:\/\/vonotterskarummet.se\/index.php?rest_route=\/wp\/v2\/media\/905"}],"wp:attachment":[{"href":"https:\/\/vonotterskarummet.se\/index.php?rest_route=%2Fwp%2Fv2%2Fmedia&parent=908"}],"wp:term":[{"taxonomy":"product_brand","embeddable":true,"href":"https:\/\/vonotterskarummet.se\/index.php?rest_route=%2Fwp%2Fv2%2Fproduct_brand&post=908"},{"taxonomy":"product_cat","embeddable":true,"href":"https:\/\/vonotterskarummet.se\/index.php?rest_route=%2Fwp%2Fv2%2Fproduct_cat&post=908"},{"taxonomy":"product_tag","embeddable":true,"href":"https:\/\/vonotterskarummet.se\/index.php?rest_route=%2Fwp%2Fv2%2Fproduct_tag&post=908"}],"curies":[{"name":"wp","href":"https:\/\/api.w.org\/{rel}","templated":true}]}}