{"id":912,"date":"2026-03-23T14:43:24","date_gmt":"2026-03-23T13:43:24","guid":{"rendered":"https:\/\/vonotterskarummet.se\/?post_type=product&#038;p=912"},"modified":"2026-04-08T13:21:08","modified_gmt":"2026-04-08T11:21:08","slug":"dekorativa-aggljus-paskljus","status":"publish","type":"product","link":"https:\/\/vonotterskarummet.se\/?product=dekorativa-aggljus-paskljus","title":{"rendered":"Dekorativa \u00e4ggljus \/ p\u00e5skljus"},"content":{"rendered":"","protected":false},"excerpt":{"rendered":"<p data-start=\"249\" data-end=\"460\">tilrena och dekorativa \u00e4ggformade ljus som passar perfekt till v\u00e5r- och p\u00e5skdekorationer. Dessa vackra ljus har en elegant, mjuk f\u00e4rgskala och en stilren form som g\u00f6r dem lika fina som dekoration som att t\u00e4nda.<\/p>\n<p data-start=\"462\" data-end=\"669\">Perfekta att placera i grupp p\u00e5 ett fat, i en sk\u00e5l, p\u00e5 ett dukat bord eller som en del av ett vackert p\u00e5skarrangemang. De fungerar lika bra i klassisk som modern inredning och ger en varm och ombonad k\u00e4nsla.<\/p>\n<p data-start=\"671\" data-end=\"756\">S\u00e4ljs <strong data-start=\"677\" data-end=\"689\">styckvis<\/strong> eller enligt \u00f6verenskommelse om du vill erbjuda flera tillsammans.<\/p>\n<p data-start=\"758\" data-end=\"771\"><strong data-start=\"758\" data-end=\"771\">Detaljer:<\/strong><\/p>\n<ul data-start=\"772\" data-end=\"1029\">\n<li data-section-id=\"1wcnpno\" data-start=\"772\" data-end=\"815\">Dekorativa <strong data-start=\"785\" data-end=\"815\">\u00e4ggformade ljus \/ p\u00e5skljus<\/strong><\/li>\n<li data-section-id=\"1humqag\" data-start=\"816\" data-end=\"871\">Fina att anv\u00e4nda b\u00e5de som dekoration och bruksf\u00f6rem\u00e5l<\/li>\n<li data-section-id=\"r3zjtn\" data-start=\"872\" data-end=\"914\">Passar perfekt till v\u00e5r- och p\u00e5skstyling<\/li>\n<li data-section-id=\"ttczwx\" data-start=\"915\" data-end=\"941\">Stilren och elegant form<\/li>\n<li data-section-id=\"wh66fg\" data-start=\"942\" data-end=\"973\">Finns i flera mjuka f\u00e4rgtoner<\/li>\n<li data-section-id=\"1bt5c5b\" data-start=\"974\" data-end=\"1019\">Passar p\u00e5 fat, bord, sk\u00e5l eller i stilleben<\/li>\n<\/ul>\n","protected":false},"featured_media":913,"template":"","meta":{"wds_primary_product_brand":0,"wds_primary_product_cat":0},"product_brand":[],"product_cat":[15,25,28],"product_tag":[],"class_list":{"0":"post-912","1":"product","2":"type-product","3":"status-publish","4":"has-post-thumbnail","6":"product_cat-uncategorized","7":"product_cat-nyheter","8":"product_cat-pask","9":"product_shipping_class-storre-paket","11":"first","12":"instock","13":"taxable","14":"shipping-taxable","15":"purchasable","16":"product-type-variable"},"_links":{"self":[{"href":"https:\/\/vonotterskarummet.se\/index.php?rest_route=\/wp\/v2\/product\/912","targetHints":{"allow":["GET"]}}],"collection":[{"href":"https:\/\/vonotterskarummet.se\/index.php?rest_route=\/wp\/v2\/product"}],"about":[{"href":"https:\/\/vonotterskarummet.se\/index.php?rest_route=\/wp\/v2\/types\/product"}],"wp:featuredmedia":[{"embeddable":true,"href":"https:\/\/vonotterskarummet.se\/index.php?rest_route=\/wp\/v2\/media\/913"}],"wp:attachment":[{"href":"https:\/\/vonotterskarummet.se\/index.php?rest_route=%2Fwp%2Fv2%2Fmedia&parent=912"}],"wp:term":[{"taxonomy":"product_brand","embeddable":true,"href":"https:\/\/vonotterskarummet.se\/index.php?rest_route=%2Fwp%2Fv2%2Fproduct_brand&post=912"},{"taxonomy":"product_cat","embeddable":true,"href":"https:\/\/vonotterskarummet.se\/index.php?rest_route=%2Fwp%2Fv2%2Fproduct_cat&post=912"},{"taxonomy":"product_tag","embeddable":true,"href":"https:\/\/vonotterskarummet.se\/index.php?rest_route=%2Fwp%2Fv2%2Fproduct_tag&post=912"}],"curies":[{"name":"wp","href":"https:\/\/api.w.org\/{rel}","templated":true}]}}