{"id":924,"date":"2026-03-23T14:51:41","date_gmt":"2026-03-23T13:51:41","guid":{"rendered":"https:\/\/vonotterskarummet.se\/?post_type=product&#038;p=924"},"modified":"2026-04-08T13:21:08","modified_gmt":"2026-04-08T11:21:08","slug":"sma-dekorativa-ljusagg-aggljus","status":"publish","type":"product","link":"https:\/\/vonotterskarummet.se\/?product=sma-dekorativa-ljusagg-aggljus","title":{"rendered":"Sm\u00e5 dekorativa ljus\u00e4gg \/ \u00e4ggljus"},"content":{"rendered":"","protected":false},"excerpt":{"rendered":"<p data-start=\"182\" data-end=\"414\">Sm\u00e5 dekorativa \u00e4ggformade ljus som passar perfekt till v\u00e5r- och p\u00e5skdekorationer. Dessa fina ljus\u00e4gg \u00e4r b\u00e5de stilrena och charmiga, och blir en vacker detalj p\u00e5 p\u00e5skbordet, i ett fat, en sk\u00e5l eller som del av ett st\u00f6rre arrangemang.<\/p>\n<p data-start=\"416\" data-end=\"585\">De \u00e4r lika fina att anv\u00e4nda som dekoration som att t\u00e4nda, och den klassiska \u00e4ggformen g\u00f6r dem perfekta f\u00f6r s\u00e4songens styling. Passar b\u00e5de i modern och lantlig inredning.<\/p>\n<p data-start=\"587\" data-end=\"605\"><strong data-start=\"587\" data-end=\"605\">S\u00e4ljs separat.<\/strong><\/p>\n<p data-start=\"607\" data-end=\"620\"><strong data-start=\"607\" data-end=\"620\">Detaljer:<\/strong><\/p>\n<ul data-start=\"621\" data-end=\"840\">\n<li data-section-id=\"1mbz8g\" data-start=\"621\" data-end=\"659\">Sm\u00e5 dekorativa <strong data-start=\"638\" data-end=\"659\">ljus\u00e4gg \/ \u00e4ggljus<\/strong><\/li>\n<li data-section-id=\"1t1fps0\" data-start=\"660\" data-end=\"699\">Perfekta till p\u00e5sk- och v\u00e5rdekoration<\/li>\n<li data-section-id=\"zjor3d\" data-start=\"700\" data-end=\"732\">Fina i grupp eller var f\u00f6r sig<\/li>\n<li data-section-id=\"hkzd7d\" data-start=\"733\" data-end=\"782\">Passar p\u00e5 fat, i sk\u00e5l eller som bordsdekoration<\/li>\n<li data-section-id=\"1bi79rp\" data-start=\"783\" data-end=\"810\">Stilren och tidl\u00f6s design<\/li>\n<li data-section-id=\"15ytibu\" data-start=\"811\" data-end=\"830\"><strong data-start=\"813\" data-end=\"830\">S\u00e4ljs separat<\/strong><\/li>\n<\/ul>\n","protected":false},"featured_media":925,"template":"","meta":{"wds_primary_product_brand":0,"wds_primary_product_cat":0},"product_brand":[],"product_cat":[15,25,28],"product_tag":[],"class_list":{"0":"post-924","1":"product","2":"type-product","3":"status-publish","4":"has-post-thumbnail","6":"product_cat-uncategorized","7":"product_cat-nyheter","8":"product_cat-pask","9":"product_shipping_class-storre-paket","11":"first","12":"instock","13":"taxable","14":"shipping-taxable","15":"purchasable","16":"product-type-variable"},"_links":{"self":[{"href":"https:\/\/vonotterskarummet.se\/index.php?rest_route=\/wp\/v2\/product\/924","targetHints":{"allow":["GET"]}}],"collection":[{"href":"https:\/\/vonotterskarummet.se\/index.php?rest_route=\/wp\/v2\/product"}],"about":[{"href":"https:\/\/vonotterskarummet.se\/index.php?rest_route=\/wp\/v2\/types\/product"}],"wp:featuredmedia":[{"embeddable":true,"href":"https:\/\/vonotterskarummet.se\/index.php?rest_route=\/wp\/v2\/media\/925"}],"wp:attachment":[{"href":"https:\/\/vonotterskarummet.se\/index.php?rest_route=%2Fwp%2Fv2%2Fmedia&parent=924"}],"wp:term":[{"taxonomy":"product_brand","embeddable":true,"href":"https:\/\/vonotterskarummet.se\/index.php?rest_route=%2Fwp%2Fv2%2Fproduct_brand&post=924"},{"taxonomy":"product_cat","embeddable":true,"href":"https:\/\/vonotterskarummet.se\/index.php?rest_route=%2Fwp%2Fv2%2Fproduct_cat&post=924"},{"taxonomy":"product_tag","embeddable":true,"href":"https:\/\/vonotterskarummet.se\/index.php?rest_route=%2Fwp%2Fv2%2Fproduct_tag&post=924"}],"curies":[{"name":"wp","href":"https:\/\/api.w.org\/{rel}","templated":true}]}}