{"id":943,"date":"2026-03-23T14:55:17","date_gmt":"2026-03-23T13:55:17","guid":{"rendered":"https:\/\/vonotterskarummet.se\/?post_type=product&#038;p=943"},"modified":"2026-04-08T13:21:07","modified_gmt":"2026-04-08T11:21:07","slug":"stor-ljushallare-ljusfat-i-ljus-stenlook","status":"publish","type":"product","link":"https:\/\/vonotterskarummet.se\/?product=stor-ljushallare-ljusfat-i-ljus-stenlook","title":{"rendered":"Stor ljush\u00e5llare \/ ljusfat i ljus stenlook"},"content":{"rendered":"","protected":false},"excerpt":{"rendered":"<p data-start=\"206\" data-end=\"449\">Elegant och stilren stor ljush\u00e5llare med dekorativt fat och mjuk ljus stenlook. Den minimalistiska formen tillsammans med den matta, exklusiva ytan ger ett harmoniskt och tidl\u00f6st uttryck som passar perfekt i b\u00e5de modern och klassisk inredning.<\/p>\n<p data-start=\"451\" data-end=\"651\">Den breda basen fungerar som ett vackert ljusfat och f\u00e5ngar upp stearin p\u00e5 ett praktiskt och dekorativt s\u00e4tt. Perfekt f\u00f6r kronljus och fin som solit\u00e4r p\u00e5 bord, sideboard, konsol eller i ett stilleben.<\/p>\n<p data-start=\"653\" data-end=\"745\">En mycket dekorativ inredningsdetalj som skapar lugn, v\u00e4rme och en exklusiv k\u00e4nsla i hemmet.<\/p>\n<p data-start=\"747\" data-end=\"760\"><strong data-start=\"747\" data-end=\"760\">Detaljer:<\/strong><\/p>\n<ul data-start=\"761\" data-end=\"1022\">\n<li data-section-id=\"18b8ah4\" data-start=\"761\" data-end=\"803\">Stor dekorativ <strong data-start=\"778\" data-end=\"803\">ljush\u00e5llare \/ ljusfat<\/strong><\/li>\n<li data-section-id=\"2dijtq\" data-start=\"804\" data-end=\"842\">Ljus, matt <strong data-start=\"817\" data-end=\"842\">stenlook \/ betonglook<\/strong><\/li>\n<li data-section-id=\"1bi79rp\" data-start=\"843\" data-end=\"870\">Stilren och tidl\u00f6s design<\/li>\n<li data-section-id=\"1lxqq3x\" data-start=\"871\" data-end=\"913\">Bred bas som fungerar som dekorativt fat<\/li>\n<li data-section-id=\"1fqdl3j\" data-start=\"914\" data-end=\"936\">Passar till kronljus<\/li>\n<li data-section-id=\"2hqooe\" data-start=\"937\" data-end=\"993\">Fin i b\u00e5de modern, klassisk och skandinavisk inredning<\/li>\n<li data-section-id=\"15ytibu\" data-start=\"994\" data-end=\"1013\"><strong data-start=\"996\" data-end=\"1013\">S\u00e4ljs separat<\/strong><\/li>\n<\/ul>\n","protected":false},"featured_media":932,"template":"","meta":{"wds_primary_product_brand":0,"wds_primary_product_cat":0},"product_brand":[],"product_cat":[15,25],"product_tag":[],"class_list":{"0":"post-943","1":"product","2":"type-product","3":"status-publish","4":"has-post-thumbnail","6":"product_cat-uncategorized","7":"product_cat-nyheter","8":"product_shipping_class-storre-paket","10":"first","11":"instock","12":"taxable","13":"shipping-taxable","14":"purchasable","15":"product-type-simple"},"_links":{"self":[{"href":"https:\/\/vonotterskarummet.se\/index.php?rest_route=\/wp\/v2\/product\/943","targetHints":{"allow":["GET"]}}],"collection":[{"href":"https:\/\/vonotterskarummet.se\/index.php?rest_route=\/wp\/v2\/product"}],"about":[{"href":"https:\/\/vonotterskarummet.se\/index.php?rest_route=\/wp\/v2\/types\/product"}],"wp:featuredmedia":[{"embeddable":true,"href":"https:\/\/vonotterskarummet.se\/index.php?rest_route=\/wp\/v2\/media\/932"}],"wp:attachment":[{"href":"https:\/\/vonotterskarummet.se\/index.php?rest_route=%2Fwp%2Fv2%2Fmedia&parent=943"}],"wp:term":[{"taxonomy":"product_brand","embeddable":true,"href":"https:\/\/vonotterskarummet.se\/index.php?rest_route=%2Fwp%2Fv2%2Fproduct_brand&post=943"},{"taxonomy":"product_cat","embeddable":true,"href":"https:\/\/vonotterskarummet.se\/index.php?rest_route=%2Fwp%2Fv2%2Fproduct_cat&post=943"},{"taxonomy":"product_tag","embeddable":true,"href":"https:\/\/vonotterskarummet.se\/index.php?rest_route=%2Fwp%2Fv2%2Fproduct_tag&post=943"}],"curies":[{"name":"wp","href":"https:\/\/api.w.org\/{rel}","templated":true}]}}