{"id":945,"date":"2026-03-23T14:58:27","date_gmt":"2026-03-23T13:58:27","guid":{"rendered":"https:\/\/vonotterskarummet.se\/?post_type=product&#038;p=945"},"modified":"2026-04-08T13:21:07","modified_gmt":"2026-04-08T11:21:07","slug":"liten-ljushallare-ljusfat-i-ljus-stenlook","status":"publish","type":"product","link":"https:\/\/vonotterskarummet.se\/?product=liten-ljushallare-ljusfat-i-ljus-stenlook","title":{"rendered":"Liten ljush\u00e5llare \/ ljusfat i ljus stenlook"},"content":{"rendered":"","protected":false},"excerpt":{"rendered":"<p data-start=\"185\" data-end=\"398\">Stilren och dekorativ liten ljush\u00e5llare med rund bas och mjuk ljus stenlook. Den enkla, eleganta formen ger ett harmoniskt och tidl\u00f6st uttryck som passar perfekt i b\u00e5de modern, klassisk och skandinavisk inredning.<\/p>\n<p data-start=\"400\" data-end=\"606\">Den breda basen fungerar som ett dekorativt ljusfat och f\u00e5ngar upp stearin p\u00e5 ett praktiskt och snyggt s\u00e4tt. Perfekt f\u00f6r kronljus och fin att placera p\u00e5 bord, sideboard, hylla eller i ett vackert stilleben.<\/p>\n<p data-start=\"608\" data-end=\"710\">En liten men mycket dekorativ inredningsdetalj som skapar v\u00e4rme och en lugn, exklusiv k\u00e4nsla i hemmet.<\/p>\n<p data-start=\"712\" data-end=\"725\"><strong data-start=\"712\" data-end=\"725\">Detaljer:<\/strong><\/p>\n<ul data-start=\"726\" data-end=\"983\">\n<li data-section-id=\"12fpb3c\" data-start=\"726\" data-end=\"769\">Liten dekorativ <strong data-start=\"744\" data-end=\"769\">ljush\u00e5llare \/ ljusfat<\/strong><\/li>\n<li data-section-id=\"2dijtq\" data-start=\"770\" data-end=\"808\">Ljus, matt <strong data-start=\"783\" data-end=\"808\">stenlook \/ betonglook<\/strong><\/li>\n<li data-section-id=\"1bi79rp\" data-start=\"809\" data-end=\"836\">Stilren och tidl\u00f6s design<\/li>\n<li data-section-id=\"v8ludt\" data-start=\"837\" data-end=\"879\">Rund bas som fungerar som dekorativt fat<\/li>\n<li data-section-id=\"1fqdl3j\" data-start=\"880\" data-end=\"902\">Passar till kronljus<\/li>\n<li data-section-id=\"1kepnyg\" data-start=\"903\" data-end=\"954\">Fin i modern, klassisk och skandinavisk inredning<\/li>\n<li data-section-id=\"15ytibu\" data-start=\"955\" data-end=\"974\"><strong data-start=\"957\" data-end=\"974\">S\u00e4ljs separat<\/strong><\/li>\n<\/ul>\n","protected":false},"featured_media":935,"template":"","meta":{"wds_primary_product_brand":0,"wds_primary_product_cat":0},"product_brand":[],"product_cat":[15,25],"product_tag":[],"class_list":{"0":"post-945","1":"product","2":"type-product","3":"status-publish","4":"has-post-thumbnail","6":"product_cat-uncategorized","7":"product_cat-nyheter","8":"product_shipping_class-storre-paket","10":"first","11":"instock","12":"taxable","13":"shipping-taxable","14":"purchasable","15":"product-type-simple"},"_links":{"self":[{"href":"https:\/\/vonotterskarummet.se\/index.php?rest_route=\/wp\/v2\/product\/945","targetHints":{"allow":["GET"]}}],"collection":[{"href":"https:\/\/vonotterskarummet.se\/index.php?rest_route=\/wp\/v2\/product"}],"about":[{"href":"https:\/\/vonotterskarummet.se\/index.php?rest_route=\/wp\/v2\/types\/product"}],"wp:featuredmedia":[{"embeddable":true,"href":"https:\/\/vonotterskarummet.se\/index.php?rest_route=\/wp\/v2\/media\/935"}],"wp:attachment":[{"href":"https:\/\/vonotterskarummet.se\/index.php?rest_route=%2Fwp%2Fv2%2Fmedia&parent=945"}],"wp:term":[{"taxonomy":"product_brand","embeddable":true,"href":"https:\/\/vonotterskarummet.se\/index.php?rest_route=%2Fwp%2Fv2%2Fproduct_brand&post=945"},{"taxonomy":"product_cat","embeddable":true,"href":"https:\/\/vonotterskarummet.se\/index.php?rest_route=%2Fwp%2Fv2%2Fproduct_cat&post=945"},{"taxonomy":"product_tag","embeddable":true,"href":"https:\/\/vonotterskarummet.se\/index.php?rest_route=%2Fwp%2Fv2%2Fproduct_tag&post=945"}],"curies":[{"name":"wp","href":"https:\/\/api.w.org\/{rel}","templated":true}]}}