{"id":948,"date":"2026-03-23T15:10:21","date_gmt":"2026-03-23T14:10:21","guid":{"rendered":"https:\/\/vonotterskarummet.se\/?post_type=product&#038;p=948"},"modified":"2026-04-08T13:21:07","modified_gmt":"2026-04-08T11:21:07","slug":"stor-ljushallare-ljusfat-for-blockljus-i-ljus-stenlook","status":"publish","type":"product","link":"https:\/\/vonotterskarummet.se\/?product=stor-ljushallare-ljusfat-for-blockljus-i-ljus-stenlook","title":{"rendered":"Stor ljush\u00e5llare \/ ljusfat f\u00f6r blockljus i ljus stenlook"},"content":{"rendered":"","protected":false},"excerpt":{"rendered":"<p data-start=\"280\" data-end=\"521\">Elegant och stilren stor ljush\u00e5llare f\u00f6r blockljus med bred rund bas i ljus matt stenlook. Den minimalistiska och tidl\u00f6sa designen g\u00f6r den till en vacker inredningsdetalj som passar perfekt i b\u00e5de klassisk, modern och skandinavisk inredning.<\/p>\n<p data-start=\"523\" data-end=\"750\">Den breda basen fungerar som ett dekorativt ljusfat och f\u00e5ngar upp stearin p\u00e5 ett praktiskt och snyggt s\u00e4tt. Perfekt f\u00f6r st\u00f6rre blockljus och fin att placera p\u00e5 bord, sideboard, konsol eller som en del av ett vackert stilleben.<\/p>\n<p data-start=\"752\" data-end=\"829\">En stilfull ljush\u00e5llare som skapar ett lugnt och harmoniskt uttryck i hemmet.<\/p>\n<p data-start=\"831\" data-end=\"844\"><strong data-start=\"831\" data-end=\"844\">Detaljer:<\/strong><\/p>\n<ul data-start=\"845\" data-end=\"1090\">\n<li data-section-id=\"aa7sxv\" data-start=\"845\" data-end=\"901\">Stor dekorativ <strong data-start=\"862\" data-end=\"901\">ljush\u00e5llare \/ ljusfat f\u00f6r blockljus<\/strong><\/li>\n<li data-section-id=\"1f2mipe\" data-start=\"902\" data-end=\"939\">Ljus matt <strong data-start=\"914\" data-end=\"939\">stenlook \/ betonglook<\/strong><\/li>\n<li data-section-id=\"yii03o\" data-start=\"940\" data-end=\"955\">Bred rund bas<\/li>\n<li data-section-id=\"1bi79rp\" data-start=\"956\" data-end=\"983\">Stilren och tidl\u00f6s design<\/li>\n<li data-section-id=\"1sa1cn\" data-start=\"984\" data-end=\"1009\">Passar st\u00f6rre blockljus<\/li>\n<li data-section-id=\"wvicaw\" data-start=\"1010\" data-end=\"1061\">Fin i klassisk, modern och skandinavisk inredning<\/li>\n<\/ul>\n","protected":false},"featured_media":950,"template":"","meta":{"wds_primary_product_brand":0,"wds_primary_product_cat":0},"product_brand":[],"product_cat":[15],"product_tag":[],"class_list":{"0":"post-948","1":"product","2":"type-product","3":"status-publish","4":"has-post-thumbnail","6":"product_cat-uncategorized","7":"product_shipping_class-storre-paket","9":"first","10":"instock","11":"taxable","12":"shipping-taxable","13":"purchasable","14":"product-type-simple"},"_links":{"self":[{"href":"https:\/\/vonotterskarummet.se\/index.php?rest_route=\/wp\/v2\/product\/948","targetHints":{"allow":["GET"]}}],"collection":[{"href":"https:\/\/vonotterskarummet.se\/index.php?rest_route=\/wp\/v2\/product"}],"about":[{"href":"https:\/\/vonotterskarummet.se\/index.php?rest_route=\/wp\/v2\/types\/product"}],"wp:featuredmedia":[{"embeddable":true,"href":"https:\/\/vonotterskarummet.se\/index.php?rest_route=\/wp\/v2\/media\/950"}],"wp:attachment":[{"href":"https:\/\/vonotterskarummet.se\/index.php?rest_route=%2Fwp%2Fv2%2Fmedia&parent=948"}],"wp:term":[{"taxonomy":"product_brand","embeddable":true,"href":"https:\/\/vonotterskarummet.se\/index.php?rest_route=%2Fwp%2Fv2%2Fproduct_brand&post=948"},{"taxonomy":"product_cat","embeddable":true,"href":"https:\/\/vonotterskarummet.se\/index.php?rest_route=%2Fwp%2Fv2%2Fproduct_cat&post=948"},{"taxonomy":"product_tag","embeddable":true,"href":"https:\/\/vonotterskarummet.se\/index.php?rest_route=%2Fwp%2Fv2%2Fproduct_tag&post=948"}],"curies":[{"name":"wp","href":"https:\/\/api.w.org\/{rel}","templated":true}]}}