{"id":954,"date":"2026-03-23T15:59:39","date_gmt":"2026-03-23T14:59:39","guid":{"rendered":"https:\/\/vonotterskarummet.se\/?post_type=product&#038;p=954"},"modified":"2026-03-23T16:15:34","modified_gmt":"2026-03-23T15:15:34","slug":"stor-fransk-spegel-i-antik-stil-kopt-i-frankrike","status":"publish","type":"product","link":"https:\/\/vonotterskarummet.se\/?product=stor-fransk-spegel-i-antik-stil-kopt-i-frankrike","title":{"rendered":"Stor fransk spegel i antik stil \u2013 k\u00f6pt i Frankrike"},"content":{"rendered":"","protected":false},"excerpt":{"rendered":"<p data-start=\"257\" data-end=\"540\">Imponerande och mycket dekorativ <strong data-start=\"290\" data-end=\"329\">stor golvspegel i fransk antik stil<\/strong>, med rikt utsmyckad guldf\u00e4rgad ram och vackra ornamentala detaljer. Spegeln har en elegant och pampig form med dekorativ kr\u00f6n, blomsterdetaljer och klassiska sniderier som ger ett exklusivt och tidl\u00f6st uttryck.<\/p>\n<p data-start=\"542\" data-end=\"788\">Den \u00e4r <strong data-start=\"549\" data-end=\"569\">k\u00f6pt i Frankrike<\/strong> och har en fantastisk karakt\u00e4r som g\u00f6r den till ett riktigt statement piece i hemmet. Perfekt att placera i hall, sovrum, vardagsrum, butik eller atelj\u00e9 d\u00e4r den b\u00e5de reflekterar ljus och skapar en lyxig, fransk k\u00e4nsla.<\/p>\n<p data-start=\"790\" data-end=\"924\">Spegeln passar lika fint i klassisk inredning som i mer modern milj\u00f6 d\u00e4r man vill skapa kontrast med en unik och karakt\u00e4rsfull detalj.<\/p>\n<p data-start=\"926\" data-end=\"939\"><strong data-start=\"926\" data-end=\"939\">Detaljer:<\/strong><\/p>\n<ul data-start=\"940\" data-end=\"1196\">\n<li data-section-id=\"3pwwwm\" data-start=\"940\" data-end=\"989\">Stor dekorativ <strong data-start=\"957\" data-end=\"989\">golvspegel \/ helkroppsspegel<\/strong><\/li>\n<li data-section-id=\"1y8btc\" data-start=\"990\" data-end=\"1009\">Fransk antik stil<\/li>\n<li data-section-id=\"gj4fn5\" data-start=\"1010\" data-end=\"1041\">Rikt utsmyckad guldf\u00e4rgad ram<\/li>\n<li data-section-id=\"gddsd8\" data-start=\"1042\" data-end=\"1094\">Dekorativt kr\u00f6n med blomster- och ornamentdetaljer<\/li>\n<li data-section-id=\"hto0nc\" data-start=\"1095\" data-end=\"1134\">Ger ett exklusivt och elegant uttryck<\/li>\n<li data-section-id=\"muvk94\" data-start=\"1135\" data-end=\"1173\">Perfekt som statement piece i hemmet<\/li>\n<li data-section-id=\"1nayf1\" data-start=\"1174\" data-end=\"1196\"><strong data-start=\"1176\" data-end=\"1196\">K\u00f6pt i Frankrike<\/strong><\/li>\n<\/ul>\n<p data-start=\"1198\" data-end=\"1344\"><strong data-start=\"1198\" data-end=\"1208\">Skick:<\/strong><br data-start=\"1208\" data-end=\"1211\" \/>Vackert bruksskick med charmig patina och \u00e5ldersrelaterade sp\u00e5r som bidrar till spegelns karakt\u00e4r.<\/p>\n","protected":false},"featured_media":964,"template":"","meta":{"wds_primary_product_brand":0,"wds_primary_product_cat":0},"product_brand":[],"product_cat":[24,34,25],"product_tag":[],"class_list":{"0":"post-954","1":"product","2":"type-product","3":"status-publish","4":"has-post-thumbnail","6":"product_cat-antikviteter","7":"product_cat-mobler","8":"product_cat-nyheter","9":"product_shipping_class-endast-hamtning","11":"first","12":"instock","13":"taxable","14":"shipping-taxable","15":"purchasable","16":"product-type-simple"},"_links":{"self":[{"href":"https:\/\/vonotterskarummet.se\/index.php?rest_route=\/wp\/v2\/product\/954","targetHints":{"allow":["GET"]}}],"collection":[{"href":"https:\/\/vonotterskarummet.se\/index.php?rest_route=\/wp\/v2\/product"}],"about":[{"href":"https:\/\/vonotterskarummet.se\/index.php?rest_route=\/wp\/v2\/types\/product"}],"wp:featuredmedia":[{"embeddable":true,"href":"https:\/\/vonotterskarummet.se\/index.php?rest_route=\/wp\/v2\/media\/964"}],"wp:attachment":[{"href":"https:\/\/vonotterskarummet.se\/index.php?rest_route=%2Fwp%2Fv2%2Fmedia&parent=954"}],"wp:term":[{"taxonomy":"product_brand","embeddable":true,"href":"https:\/\/vonotterskarummet.se\/index.php?rest_route=%2Fwp%2Fv2%2Fproduct_brand&post=954"},{"taxonomy":"product_cat","embeddable":true,"href":"https:\/\/vonotterskarummet.se\/index.php?rest_route=%2Fwp%2Fv2%2Fproduct_cat&post=954"},{"taxonomy":"product_tag","embeddable":true,"href":"https:\/\/vonotterskarummet.se\/index.php?rest_route=%2Fwp%2Fv2%2Fproduct_tag&post=954"}],"curies":[{"name":"wp","href":"https:\/\/api.w.org\/{rel}","templated":true}]}}