{"id":966,"date":"2026-03-23T16:04:01","date_gmt":"2026-03-23T15:04:01","guid":{"rendered":"https:\/\/vonotterskarummet.se\/?post_type=product&#038;p=966"},"modified":"2026-03-23T16:14:22","modified_gmt":"2026-03-23T15:14:22","slug":"franskt-marmorbord-antik-kopt-i-frankrike","status":"publish","type":"product","link":"https:\/\/vonotterskarummet.se\/?product=franskt-marmorbord-antik-kopt-i-frankrike","title":{"rendered":"Franskt marmorbord antik \u2013 k\u00f6pt i Frankrike"},"content":{"rendered":"","protected":false},"excerpt":{"rendered":"<p data-start=\"308\" data-end=\"628\">Vackert och charmigt <strong data-start=\"329\" data-end=\"364\">franskt marmorbord i antik stil<\/strong>, med oval marmorskiva och dekorativt underrede i vitm\u00e5lad metall\/j\u00e4rn. Bordet har en elegant och tidl\u00f6s form som f\u00f6r tankarna till klassiska franska caf\u00e9- och bistrobord, och passar lika fint i hall, vardagsrum, uterum, butik eller som dekorativt avlastningsbord.<\/p>\n<p data-start=\"630\" data-end=\"841\">Den vackra marmorskivan har ett levande och exklusivt m\u00f6nster med naturliga skiftningar, vilket g\u00f6r varje bord unikt. Det sirligt formade underredet ger bordet en romantisk och genuin k\u00e4nsla med mycket karakt\u00e4r.<\/p>\n<p data-start=\"843\" data-end=\"1005\">Bordet \u00e4r <strong data-start=\"853\" data-end=\"873\">k\u00f6pt i Frankrike<\/strong> och har den d\u00e4r speciella franska k\u00e4nslan som \u00e4r sv\u00e5r att hitta \u2013 perfekt f\u00f6r dig som uppskattar charm, patina och m\u00f6bler med sj\u00e4l.<\/p>\n<p data-start=\"1007\" data-end=\"1020\"><strong data-start=\"1007\" data-end=\"1020\">Detaljer:<\/strong><\/p>\n<ul data-start=\"1021\" data-end=\"1271\">\n<li data-section-id=\"a9mbj\" data-start=\"1021\" data-end=\"1058\">Franskt bord i antik \/ vintage stil<\/li>\n<li data-section-id=\"1g51z04\" data-start=\"1059\" data-end=\"1077\">Oval marmorskiva<\/li>\n<li data-section-id=\"uoxd30\" data-start=\"1078\" data-end=\"1123\">Dekorativt underrede i vitm\u00e5lad metall\/j\u00e4rn<\/li>\n<li data-section-id=\"ehp46y\" data-start=\"1124\" data-end=\"1159\">Elegant fransk caf\u00e9-\/bistrok\u00e4nsla<\/li>\n<li data-section-id=\"1079r1q\" data-start=\"1160\" data-end=\"1219\">Passar som sidobord, avlastningsbord eller mindre matbord<\/li>\n<li data-section-id=\"1c85xuf\" data-start=\"1220\" data-end=\"1248\">Vacker patina och karakt\u00e4r<\/li>\n<li data-section-id=\"1nayf1\" data-start=\"1249\" data-end=\"1271\"><strong data-start=\"1251\" data-end=\"1271\">K\u00f6pt i Frankrike<\/strong><\/li>\n<\/ul>\n<p data-start=\"1273\" data-end=\"1571\"><strong data-start=\"1273\" data-end=\"1283\">Skick:<\/strong><br data-start=\"1283\" data-end=\"1286\" \/>Vackert bruksskick med charmig patina och \u00e5ldersrelaterade sp\u00e5r. Marmorskivan har en spricka\/lagning samt mindre m\u00e4rken och slitage som h\u00f6r \u00e5lder och stil till, men helhetsintrycket \u00e4r mycket fint och bordet har massor av karakt\u00e4r.<\/p>\n","protected":false},"featured_media":968,"template":"","meta":{"wds_primary_product_brand":0,"wds_primary_product_cat":0},"product_brand":[],"product_cat":[24,34,25],"product_tag":[],"class_list":{"0":"post-966","1":"product","2":"type-product","3":"status-publish","4":"has-post-thumbnail","6":"product_cat-antikviteter","7":"product_cat-mobler","8":"product_cat-nyheter","9":"product_shipping_class-endast-hamtning","11":"first","12":"instock","13":"taxable","14":"shipping-taxable","15":"purchasable","16":"product-type-simple"},"_links":{"self":[{"href":"https:\/\/vonotterskarummet.se\/index.php?rest_route=\/wp\/v2\/product\/966","targetHints":{"allow":["GET"]}}],"collection":[{"href":"https:\/\/vonotterskarummet.se\/index.php?rest_route=\/wp\/v2\/product"}],"about":[{"href":"https:\/\/vonotterskarummet.se\/index.php?rest_route=\/wp\/v2\/types\/product"}],"wp:featuredmedia":[{"embeddable":true,"href":"https:\/\/vonotterskarummet.se\/index.php?rest_route=\/wp\/v2\/media\/968"}],"wp:attachment":[{"href":"https:\/\/vonotterskarummet.se\/index.php?rest_route=%2Fwp%2Fv2%2Fmedia&parent=966"}],"wp:term":[{"taxonomy":"product_brand","embeddable":true,"href":"https:\/\/vonotterskarummet.se\/index.php?rest_route=%2Fwp%2Fv2%2Fproduct_brand&post=966"},{"taxonomy":"product_cat","embeddable":true,"href":"https:\/\/vonotterskarummet.se\/index.php?rest_route=%2Fwp%2Fv2%2Fproduct_cat&post=966"},{"taxonomy":"product_tag","embeddable":true,"href":"https:\/\/vonotterskarummet.se\/index.php?rest_route=%2Fwp%2Fv2%2Fproduct_tag&post=966"}],"curies":[{"name":"wp","href":"https:\/\/api.w.org\/{rel}","templated":true}]}}