{"id":970,"date":"2026-03-23T16:56:03","date_gmt":"2026-03-23T15:56:03","guid":{"rendered":"https:\/\/vonotterskarummet.se\/?post_type=product&#038;p=970"},"modified":"2026-04-08T13:21:07","modified_gmt":"2026-04-08T11:21:07","slug":"dekorativ-antikguldram-vintage-fotoram","status":"publish","type":"product","link":"https:\/\/vonotterskarummet.se\/?product=dekorativ-antikguldram-vintage-fotoram","title":{"rendered":"Dekorativ antikguldram \/ vintage fotoram"},"content":{"rendered":"","protected":false},"excerpt":{"rendered":"<p data-start=\"171\" data-end=\"429\">Vacker och dekorativ <strong data-start=\"192\" data-end=\"216\">fotoram i antik stil<\/strong> med rikt utsmyckad ram i antikguldf\u00e4rgad finish. Den eleganta formen med ornamentala detaljer ger ramen ett klassiskt och tidl\u00f6st uttryck som passar perfekt i b\u00e5de romantisk, vintage och fransk lantlig inredning.<\/p>\n<p data-start=\"431\" data-end=\"685\">En mycket fin inredningsdetalj att anv\u00e4nda till fotografier, konsttryck, spegelglas eller som dekorativ ram i ett stilleben p\u00e5 byr\u00e5, hylla eller sideboard. Den arbetade ramen ger en exklusiv k\u00e4nsla och blir lika fin ensam som tillsammans med andra ramar.<\/p>\n<p data-start=\"687\" data-end=\"724\">Passar foto i storlek <strong data-start=\"709\" data-end=\"723\">20 x 25 cm<\/strong>.<\/p>\n<p data-start=\"726\" data-end=\"739\"><strong data-start=\"726\" data-end=\"739\">Detaljer:<\/strong><\/p>\n<ul data-start=\"740\" data-end=\"1011\">\n<li data-section-id=\"1erfi2q\" data-start=\"740\" data-end=\"774\">Dekorativ <strong data-start=\"752\" data-end=\"774\">fotoram \/ tavelram<\/strong><\/li>\n<li data-section-id=\"3n4bgl\" data-start=\"775\" data-end=\"804\">Antik stil \/ vintage k\u00e4nsla<\/li>\n<li data-section-id=\"drd42y\" data-start=\"805\" data-end=\"829\">Antikguldf\u00e4rgad finish<\/li>\n<li data-section-id=\"1ot5ssn\" data-start=\"830\" data-end=\"864\">Rikt utsmyckade ornamentdetaljer<\/li>\n<li data-section-id=\"fqw61w\" data-start=\"865\" data-end=\"903\">Passar foto \/ motiv i <strong data-start=\"889\" data-end=\"903\">20 x 25 cm<\/strong><\/li>\n<li data-section-id=\"rfho3z\" data-start=\"904\" data-end=\"956\">Fin som inredningsdetalj p\u00e5 byr\u00e5, hylla eller bord<\/li>\n<li data-section-id=\"eld353\" data-start=\"957\" data-end=\"1011\">Passar klassisk, romantisk och fransk inredningsstil<\/li>\n<\/ul>\n<p data-start=\"1013\" data-end=\"1128\"><strong data-start=\"1013\" data-end=\"1023\">Skick:<\/strong><br data-start=\"1023\" data-end=\"1026\" \/>Fint bruksskick med l\u00e4tt patina och mindre \u00e5ldersrelaterade sp\u00e5r som bidrar till den charmiga k\u00e4nslan.<\/p>\n","protected":false},"featured_media":960,"template":"","meta":{"wds_primary_product_brand":0,"wds_primary_product_cat":0},"product_brand":[],"product_cat":[24,15,25],"product_tag":[],"class_list":{"0":"post-970","1":"product","2":"type-product","3":"status-publish","4":"has-post-thumbnail","6":"product_cat-antikviteter","7":"product_cat-uncategorized","8":"product_cat-nyheter","9":"product_shipping_class-storre-paket","11":"first","12":"instock","13":"taxable","14":"shipping-taxable","15":"purchasable","16":"product-type-simple"},"_links":{"self":[{"href":"https:\/\/vonotterskarummet.se\/index.php?rest_route=\/wp\/v2\/product\/970","targetHints":{"allow":["GET"]}}],"collection":[{"href":"https:\/\/vonotterskarummet.se\/index.php?rest_route=\/wp\/v2\/product"}],"about":[{"href":"https:\/\/vonotterskarummet.se\/index.php?rest_route=\/wp\/v2\/types\/product"}],"wp:featuredmedia":[{"embeddable":true,"href":"https:\/\/vonotterskarummet.se\/index.php?rest_route=\/wp\/v2\/media\/960"}],"wp:attachment":[{"href":"https:\/\/vonotterskarummet.se\/index.php?rest_route=%2Fwp%2Fv2%2Fmedia&parent=970"}],"wp:term":[{"taxonomy":"product_brand","embeddable":true,"href":"https:\/\/vonotterskarummet.se\/index.php?rest_route=%2Fwp%2Fv2%2Fproduct_brand&post=970"},{"taxonomy":"product_cat","embeddable":true,"href":"https:\/\/vonotterskarummet.se\/index.php?rest_route=%2Fwp%2Fv2%2Fproduct_cat&post=970"},{"taxonomy":"product_tag","embeddable":true,"href":"https:\/\/vonotterskarummet.se\/index.php?rest_route=%2Fwp%2Fv2%2Fproduct_tag&post=970"}],"curies":[{"name":"wp","href":"https:\/\/api.w.org\/{rel}","templated":true}]}}