{"id":971,"date":"2026-03-23T17:00:59","date_gmt":"2026-03-23T16:00:59","guid":{"rendered":"https:\/\/vonotterskarummet.se\/?post_type=product&#038;p=971"},"modified":"2026-03-23T17:01:01","modified_gmt":"2026-03-23T16:01:01","slug":"fransk-antik-bordsklocka-i-rokoko-stil-fran-frankrike","status":"publish","type":"product","link":"https:\/\/vonotterskarummet.se\/?product=fransk-antik-bordsklocka-i-rokoko-stil-fran-frankrike","title":{"rendered":"Fransk antik bordsklocka i rokoko-stil \u2013 fr\u00e5n Frankrike"},"content":{"rendered":"","protected":false},"excerpt":{"rendered":"<p data-start=\"306\" data-end=\"622\">Vacker och mycket dekorativ <strong data-start=\"334\" data-end=\"369\">fransk bordsklocka i antik stil<\/strong>, med rikt utsmyckad form och romantiska detaljer. Klockan har en elegant guldf\u00e4rgad\/bronsf\u00e4rgad finish och \u00e4r dekorerad med <strong data-start=\"494\" data-end=\"513\">putto\/\u00e4nglabarn<\/strong>, f\u00e5glar och blomsterornament, vilket ger ett klassiskt och mycket charmigt uttryck med tydlig fransk k\u00e4nsla.<\/p>\n<p data-start=\"624\" data-end=\"898\">En fantastisk inredningsdetalj som passar perfekt p\u00e5 byr\u00e5, konsolbord, spiselkrans eller i ett vackert stilleben tillsammans med andra antika och dekorativa f\u00f6rem\u00e5l. Klockan \u00e4r lika fin som dekorativ prydnad som i ett hem med fransk, romantisk eller klassisk inredningsstil.<\/p>\n<p data-start=\"900\" data-end=\"1018\">Den \u00e4r <strong data-start=\"907\" data-end=\"925\">fr\u00e5n Frankrike<\/strong> och har den d\u00e4r unika patinan och karakt\u00e4ren som g\u00f6r \u00e4ldre franska f\u00f6rem\u00e5l s\u00e5 eftertraktade.<\/p>\n<p data-start=\"1020\" data-end=\"1033\"><strong data-start=\"1020\" data-end=\"1033\">Detaljer:<\/strong><\/p>\n<ul data-start=\"1034\" data-end=\"1305\">\n<li data-section-id=\"1vcdou7\" data-start=\"1034\" data-end=\"1068\">Dekorativ <strong data-start=\"1046\" data-end=\"1068\">fransk bordsklocka<\/strong><\/li>\n<li data-section-id=\"19mhhfe\" data-start=\"1069\" data-end=\"1091\">Antik \/ vintage stil<\/li>\n<li data-section-id=\"jlcurw\" data-start=\"1092\" data-end=\"1125\">Guldf\u00e4rgad \/ bronsf\u00e4rgad finish<\/li>\n<li data-section-id=\"1ys8gr5\" data-start=\"1126\" data-end=\"1190\">Dekorerad med <strong data-start=\"1142\" data-end=\"1161\">putto\/\u00e4nglabarn<\/strong>, f\u00e5glar och blomsterdetaljer<\/li>\n<li data-section-id=\"5mofuu\" data-start=\"1191\" data-end=\"1233\">Klassisk fransk rokoko-\/romantisk k\u00e4nsla<\/li>\n<li data-section-id=\"1cydtae\" data-start=\"1234\" data-end=\"1284\">Fin p\u00e5 byr\u00e5, konsolbord, hylla eller spiselkrans<\/li>\n<li data-section-id=\"1mgzghe\" data-start=\"1285\" data-end=\"1305\"><strong data-start=\"1287\" data-end=\"1305\">Fr\u00e5n Frankrike<\/strong><\/li>\n<\/ul>\n<p data-start=\"1307\" data-end=\"1603\"><strong data-start=\"1307\" data-end=\"1317\">Skick:<\/strong><br data-start=\"1317\" data-end=\"1320\" \/>Vackert bruksskick med charmig patina och \u00e5ldersrelaterade sp\u00e5r. Mindre skada\/skavanker finns, vilket \u00e4r vanligt p\u00e5 \u00e4ldre dekorativa f\u00f6rem\u00e5l och bidrar till dess karakt\u00e4r. S\u00e4ljs i befintligt skick.<\/p>\n","protected":false},"featured_media":973,"template":"","meta":{"wds_primary_product_brand":0,"wds_primary_product_cat":0},"product_brand":[],"product_cat":[24,15,25],"product_tag":[],"class_list":{"0":"post-971","1":"product","2":"type-product","3":"status-publish","4":"has-post-thumbnail","6":"product_cat-antikviteter","7":"product_cat-uncategorized","8":"product_cat-nyheter","9":"product_shipping_class-endast-hamtning","11":"first","12":"instock","13":"taxable","14":"shipping-taxable","15":"purchasable","16":"product-type-simple"},"_links":{"self":[{"href":"https:\/\/vonotterskarummet.se\/index.php?rest_route=\/wp\/v2\/product\/971","targetHints":{"allow":["GET"]}}],"collection":[{"href":"https:\/\/vonotterskarummet.se\/index.php?rest_route=\/wp\/v2\/product"}],"about":[{"href":"https:\/\/vonotterskarummet.se\/index.php?rest_route=\/wp\/v2\/types\/product"}],"wp:featuredmedia":[{"embeddable":true,"href":"https:\/\/vonotterskarummet.se\/index.php?rest_route=\/wp\/v2\/media\/973"}],"wp:attachment":[{"href":"https:\/\/vonotterskarummet.se\/index.php?rest_route=%2Fwp%2Fv2%2Fmedia&parent=971"}],"wp:term":[{"taxonomy":"product_brand","embeddable":true,"href":"https:\/\/vonotterskarummet.se\/index.php?rest_route=%2Fwp%2Fv2%2Fproduct_brand&post=971"},{"taxonomy":"product_cat","embeddable":true,"href":"https:\/\/vonotterskarummet.se\/index.php?rest_route=%2Fwp%2Fv2%2Fproduct_cat&post=971"},{"taxonomy":"product_tag","embeddable":true,"href":"https:\/\/vonotterskarummet.se\/index.php?rest_route=%2Fwp%2Fv2%2Fproduct_tag&post=971"}],"curies":[{"name":"wp","href":"https:\/\/api.w.org\/{rel}","templated":true}]}}