{"id":980,"date":"2026-03-23T17:04:58","date_gmt":"2026-03-23T16:04:58","guid":{"rendered":"https:\/\/vonotterskarummet.se\/?post_type=product&#038;p=980"},"modified":"2026-03-23T17:04:59","modified_gmt":"2026-03-23T16:04:59","slug":"franska-dekorativa-vaser-fran-frankrike","status":"publish","type":"product","link":"https:\/\/vonotterskarummet.se\/?product=franska-dekorativa-vaser-fran-frankrike","title":{"rendered":"Franska dekorativa vaser \u2013 fr\u00e5n Frankrike"},"content":{"rendered":"","protected":false},"excerpt":{"rendered":"<p data-start=\"242\" data-end=\"502\">Vackert och dekorativt <strong data-start=\"265\" data-end=\"299\">par franska vaser i antik stil<\/strong>, med klassisk form och eleganta detaljer. Vaserna har en vacker guldf\u00e4rgad\/bronsf\u00e4rgad finish och \u00e4r utformade med dubbla handtag, dekorativa ornament samt en stilfull sockel med rikt utsmyckade f\u00f6tter.<\/p>\n<p data-start=\"504\" data-end=\"774\">De \u00e4r mycket fina som <strong data-start=\"526\" data-end=\"546\">dekorativa vaser<\/strong>, men fungerar ocks\u00e5 utm\u00e4rkt som rena <strong data-start=\"584\" data-end=\"603\">prydnadsf\u00f6rem\u00e5l<\/strong>. Den eleganta formen och den franska k\u00e4nslan g\u00f6r dem perfekta p\u00e5 byr\u00e5, konsolbord, spiselkrans eller som del av ett st\u00f6rre stilleben tillsammans med andra antika f\u00f6rem\u00e5l.<\/p>\n<p data-start=\"776\" data-end=\"911\">Ett mycket charmigt <strong data-start=\"796\" data-end=\"818\">par fr\u00e5n Frankrike<\/strong>, med klassisk fransk k\u00e4nsla som passar i b\u00e5de antik, romantisk och fransk lantlig inredning.<\/p>\n<p data-start=\"913\" data-end=\"926\"><strong data-start=\"913\" data-end=\"926\">Detaljer:<\/strong><\/p>\n<ul data-start=\"927\" data-end=\"1185\">\n<li data-section-id=\"1qd7v08\" data-start=\"927\" data-end=\"946\"><strong data-start=\"929\" data-end=\"946\">S\u00e4ljs som par<\/strong><\/li>\n<li data-section-id=\"1wdgkoc\" data-start=\"947\" data-end=\"987\">Dekorativa <strong data-start=\"960\" data-end=\"987\">vaser \/ prydnadsf\u00f6rem\u00e5l<\/strong><\/li>\n<li data-section-id=\"z2h9mh\" data-start=\"988\" data-end=\"1017\">Fransk antik \/ vintage stil<\/li>\n<li data-section-id=\"jlcurw\" data-start=\"1018\" data-end=\"1051\">Guldf\u00e4rgad \/ bronsf\u00e4rgad finish<\/li>\n<li data-section-id=\"t0lpc5\" data-start=\"1052\" data-end=\"1068\">Dubbla handtag<\/li>\n<li data-section-id=\"1j414f9\" data-start=\"1069\" data-end=\"1115\">Ornamenterade detaljer och dekorativa f\u00f6tter<\/li>\n<li data-section-id=\"s1pt1d\" data-start=\"1116\" data-end=\"1164\">Perfekta p\u00e5 byr\u00e5, konsolbord eller spiselkrans<\/li>\n<li data-section-id=\"1mgzghe\" data-start=\"1165\" data-end=\"1185\"><strong data-start=\"1167\" data-end=\"1185\">Fr\u00e5n Frankrike<\/strong><\/li>\n<\/ul>\n<p data-start=\"1187\" data-end=\"1304\"><strong data-start=\"1187\" data-end=\"1197\">Skick:<\/strong><br data-start=\"1197\" data-end=\"1200\" \/>Fint bruksskick med vacker patina och \u00e5ldersrelaterade sp\u00e5r som bidrar till den charmiga antika k\u00e4nslan.<\/p>\n","protected":false},"featured_media":974,"template":"","meta":{"wds_primary_product_brand":0,"wds_primary_product_cat":0},"product_brand":[],"product_cat":[24,15,25],"product_tag":[],"class_list":{"0":"post-980","1":"product","2":"type-product","3":"status-publish","4":"has-post-thumbnail","6":"product_cat-antikviteter","7":"product_cat-uncategorized","8":"product_cat-nyheter","9":"product_shipping_class-endast-hamtning","11":"first","12":"instock","13":"taxable","14":"shipping-taxable","15":"purchasable","16":"product-type-simple"},"_links":{"self":[{"href":"https:\/\/vonotterskarummet.se\/index.php?rest_route=\/wp\/v2\/product\/980","targetHints":{"allow":["GET"]}}],"collection":[{"href":"https:\/\/vonotterskarummet.se\/index.php?rest_route=\/wp\/v2\/product"}],"about":[{"href":"https:\/\/vonotterskarummet.se\/index.php?rest_route=\/wp\/v2\/types\/product"}],"wp:featuredmedia":[{"embeddable":true,"href":"https:\/\/vonotterskarummet.se\/index.php?rest_route=\/wp\/v2\/media\/974"}],"wp:attachment":[{"href":"https:\/\/vonotterskarummet.se\/index.php?rest_route=%2Fwp%2Fv2%2Fmedia&parent=980"}],"wp:term":[{"taxonomy":"product_brand","embeddable":true,"href":"https:\/\/vonotterskarummet.se\/index.php?rest_route=%2Fwp%2Fv2%2Fproduct_brand&post=980"},{"taxonomy":"product_cat","embeddable":true,"href":"https:\/\/vonotterskarummet.se\/index.php?rest_route=%2Fwp%2Fv2%2Fproduct_cat&post=980"},{"taxonomy":"product_tag","embeddable":true,"href":"https:\/\/vonotterskarummet.se\/index.php?rest_route=%2Fwp%2Fv2%2Fproduct_tag&post=980"}],"curies":[{"name":"wp","href":"https:\/\/api.w.org\/{rel}","templated":true}]}}